{"id":2235,"date":"2024-07-07T09:39:49","date_gmt":"2024-07-07T09:39:49","guid":{"rendered":"https:\/\/kdteurope.com\/?post_type=product&#038;p=2235"},"modified":"2024-07-07T10:14:40","modified_gmt":"2024-07-07T10:14:40","slug":"ks-843l-2","status":"publish","type":"product","link":"https:\/\/kdteurope.com\/pl\/urun\/ks-843l-2\/","title":{"rendered":"KS-843L"},"content":{"rendered":"<div class=\"wpb-content-wrapper\"><div id=\"teknik-parametreler\" class=\"vc_row wpb_row vc_row-fluid teknik-parametreler wd-rs-65240e316b0b3\"><div class=\"wpb_column vc_column_container vc_col-sm-12\"><div class=\"vc_column-inner\"><div class=\"wpb_wrapper\"><div class=\"vc_separator wpb_content_element vc_separator_align_center vc_sep_width_100 vc_sep_pos_align_center vc_sep_color_grey vc_separator-has-text\" ><span class=\"vc_sep_holder vc_sep_holder_l\"><span class=\"vc_sep_line\"><\/span><\/span><h4>TEKN\u0130K PARAMETRELER<\/h4><span class=\"vc_sep_holder vc_sep_holder_r\"><span class=\"vc_sep_line\"><\/span><\/span>\n<\/div>\n\t<div class=\"wpb_text_column wpb_content_element\" >\n\t\t<div class=\"wpb_wrapper\">\n\t\t\t<table>\n<tbody>\n<tr>\n<th>Modeli: KS-843L<\/th>\n<\/tr>\n<tr>\n<td>Maksimum \u00c7al\u0131\u015fma Boyutu uzunluk(L)geni\u015flik(W)y\u00fckseklik(H)(mm)<\/td>\n<td>4280L*4280W*120H<br \/>\nMaksimum arka besleme boyutu 4000*2100<\/td>\n<\/tr>\n<tr>\n<td>Testere ilerleme h\u0131z\u0131 (m\/dak)<\/td>\n<td>95<\/td>\n<\/tr>\n<tr>\n<td>Testere Geri D\u00f6n\u00fc\u015f H\u0131z\u0131(m\/dak)<\/td>\n<td>120<\/td>\n<\/tr>\n<tr>\n<td>Pusher \u0130lerleme H\u0131z\u0131 (m \/ dak)<\/td>\n<td>95<\/td>\n<\/tr>\n<tr>\n<td>Ana testere motor g\u00fcc\u00fc (kW)<\/td>\n<td>20<\/td>\n<\/tr>\n<tr>\n<td>\u00c7izici testere motor g\u00fcc\u00fc (kW)<\/td>\n<td>1.5<\/td>\n<\/tr>\n<tr>\n<td>Testere ta\u015f\u0131y\u0131c\u0131 servo motor g\u00fcc\u00fc(kW)<\/td>\n<td>2<\/td>\n<\/tr>\n<tr>\n<td>Pusher servo motor g\u00fcc\u00fc(kW)<\/td>\n<td>2<\/td>\n<\/tr>\n<tr>\n<td>Toplam G\u00fc\u00e7(kW)<\/td>\n<td>35<\/td>\n<\/tr>\n<tr>\n<td>Genel Boyut (L)(W)(H)(mm)<\/td>\n<td>9552L*6656W*1960H<\/td>\n<\/tr>\n<\/tbody>\n<\/table>\n\n\t\t<\/div>\n\t<\/div>\n<\/div><\/div><\/div><\/div><div id=\"urun-videomuz\" class=\"vc_row wpb_row vc_row-fluid urun-videomuz wd-rs-652563642cb1a\"><div class=\"wpb_column vc_column_container vc_col-sm-12\"><div class=\"vc_column-inner\"><div class=\"wpb_wrapper\"><div class=\"vc_separator wpb_content_element vc_separator_align_center vc_sep_width_100 vc_sep_pos_align_center vc_sep_color_grey vc_separator-has-text\" ><span class=\"vc_sep_holder vc_sep_holder_l\"><span class=\"vc_sep_line\"><\/span><\/span><h4>\u00dcr\u00fcn Videosu<\/h4><span class=\"vc_sep_holder vc_sep_holder_r\"><span class=\"vc_sep_line\"><\/span><\/span>\n<\/div>\n\t<div class=\"wpb_video_widget wpb_content_element vc_clearfix vc_video-aspect-ratio-169 vc_video-el-width-100 vc_video-align-left wd-rs-668a636846fca\" >\n\t\t<div class=\"wpb_wrapper\">\n\t\t\t\n\t\t\t<div class=\"wpb_video_wrapper\"><iframe loading=\"lazy\" title=\"KDT SAWTECH KS 842L Panel Ebatlama\" width=\"500\" height=\"281\" src=\"https:\/\/www.youtube.com\/embed\/Vdj9b9s9YVI?feature=oembed\" frameborder=\"0\" allow=\"accelerometer; autoplay; clipboard-write; encrypted-media; gyroscope; picture-in-picture; web-share\" referrerpolicy=\"strict-origin-when-cross-origin\" allowfullscreen><\/iframe><\/div>\n\t\t<\/div>\n\t<\/div>\n<div class=\"vc_separator wpb_content_element vc_separator_align_center vc_sep_width_100 vc_sep_border_width_10 vc_sep_pos_align_center vc_separator_no_text vc_sep_color_grey\" ><span class=\"vc_sep_holder vc_sep_holder_l\"><span class=\"vc_sep_line\"><\/span><\/span><span class=\"vc_sep_holder vc_sep_holder_r\"><span class=\"vc_sep_line\"><\/span><\/span>\n<\/div><\/div><\/div><\/div><\/div><div class=\"vc_row wpb_row vc_row-fluid\"><div class=\"wpb_column vc_column_container vc_col-sm-6\"><div class=\"vc_column-inner\"><div class=\"wpb_wrapper\">\n\t\t<div id=\"wd-668a674050a4c\" class=\"title-wrapper wd-wpb set-mb-s reset-last-child  wd-rs-668a674050a4c wd-title-color-default wd-title-style-underlined-2 text-left  wd-underline-colored\">\n\t\t\t\n\t\t\t<div class=\"liner-continer\">\n\t\t\t\t<h4 class=\"woodmart-title-container title  wd-font-weight- wd-fontsize-l\" >AUTOMATIC REAR LOADING<\/h4>\n\t\t\t\t\t\t\t<\/div>\n\t\t\t\n\t\t\t\n\t\t\t\n\t\t<\/div>\n\t\t\n\t\t\n\t<div class=\"wpb_text_column wpb_content_element\" >\n\t\t<div class=\"wpb_wrapper\">\n\t\t\t<h2>Automatic Rear-loading<br \/>\nAutomatic Rear-loading. Hydraulic lift table equipped, Increase efficiency by 20%\uff0csave manpower and reduce labor cost<\/h2>\n\n\t\t<\/div>\n\t<\/div>\n<\/div><\/div><\/div><div class=\"wpb_column vc_column_container vc_col-sm-6\"><div class=\"vc_column-inner\"><div class=\"wpb_wrapper\">\n\t<div  class=\"wpb_single_image wpb_content_element vc_align_left\">\n\t\t\n\t\t<figure class=\"wpb_wrapper vc_figure\">\n\t\t\t<div class=\"vc_single_image-wrapper   vc_box_border_grey\"><img loading=\"lazy\" decoding=\"async\" width=\"1000\" height=\"1000\" src=\"data:image\/jpg;base64,\/9j\/4AAQSkZJRgABAQEAYABgAAD\/\/gA7Q1JFQVRPUjogZ2QtanBlZyB2MS4wICh1c2luZyBJSkcgSlBFRyB2ODApLCBxdWFsaXR5ID0gODIK\/9sAQwAGBAQFBAQGBQUFBgYGBwkOCQkICAkSDQ0KDhUSFhYVEhQUFxohHBcYHxkUFB0nHR8iIyUlJRYcKSwoJCshJCUk\/9sAQwEGBgYJCAkRCQkRJBgUGCQkJCQkJCQkJCQkJCQkJCQkJCQkJCQkJCQkJCQkJCQkJCQkJCQkJCQkJCQkJCQkJCQk\/8AAEQgACgAKAwEiAAIRAQMRAf\/EAB8AAAEFAQEBAQEBAAAAAAAAAAABAgMEBQYHCAkKC\/\/EALUQAAIBAwMCBAMFBQQEAAABfQECAwAEEQUSITFBBhNRYQcicRQygZGhCCNCscEVUtHwJDNicoIJChYXGBkaJSYnKCkqNDU2Nzg5OkNERUZHSElKU1RVVldYWVpjZGVmZ2hpanN0dXZ3eHl6g4SFhoeIiYqSk5SVlpeYmZqio6Slpqeoqaqys7S1tre4ubrCw8TFxsfIycrS09TV1tfY2drh4uPk5ebn6Onq8fLz9PX29\/j5+v\/EAB8BAAMBAQEBAQEBAQEAAAAAAAABAgMEBQYHCAkKC\/\/EALURAAIBAgQEAwQHBQQEAAECdwABAgMRBAUhMQYSQVEHYXETIjKBCBRCkaGxwQkjM1LwFWJy0QoWJDThJfEXGBkaJicoKSo1Njc4OTpDREVGR0hJSlNUVVZXWFlaY2RlZmdoaWpzdHV2d3h5eoKDhIWGh4iJipKTlJWWl5iZmqKjpKWmp6ipqrKztLW2t7i5usLDxMXGx8jJytLT1NXW19jZ2uLj5OXm5+jp6vLz9PX29\/j5+v\/aAAwDAQACEQMRAD8A96vtF8TLuawm0t\/7sdxE64+rBzn8qzx4R1yQB2k8tm5KCY4U+ld\/RV8\/kTyn\/9k=\" class=\"vc_single_image-img attachment-full wd-lazy-load wd-lazy-fade\" alt=\"\" title=\"KS-843L ASANSO\u0308R\" srcset=\"\" sizes=\"auto, (max-width: 1000px) 100vw, 1000px\" data-wood-src=\"https:\/\/kdteurope.com\/wp-content\/uploads\/2024\/07\/KS-843L-ASANSO\u0308R.jpg\" data-srcset=\"https:\/\/kdteurope.com\/wp-content\/uploads\/2024\/07\/KS-843L-ASANSO\u0308R.jpg 1000w, https:\/\/kdteurope.com\/wp-content\/uploads\/2024\/07\/KS-843L-ASANSO\u0308R-300x300.jpg 300w, https:\/\/kdteurope.com\/wp-content\/uploads\/2024\/07\/KS-843L-ASANSO\u0308R-150x150.jpg 150w, https:\/\/kdteurope.com\/wp-content\/uploads\/2024\/07\/KS-843L-ASANSO\u0308R-768x768.jpg 768w, https:\/\/kdteurope.com\/wp-content\/uploads\/2024\/07\/KS-843L-ASANSO\u0308R-12x12.jpg 12w, https:\/\/kdteurope.com\/wp-content\/uploads\/2024\/07\/KS-843L-ASANSO\u0308R-600x600.jpg 600w, https:\/\/kdteurope.com\/wp-content\/uploads\/2024\/07\/KS-843L-ASANSO\u0308R-250x250.jpg 250w\" \/><\/div>\n\t\t<\/figure>\n\t<\/div>\n<\/div><\/div><\/div><\/div><div class=\"vc_row wpb_row vc_row-fluid\"><div class=\"wpb_column vc_column_container vc_col-sm-12\"><div class=\"vc_column-inner\"><div class=\"wpb_wrapper\"><div class=\"vc_separator wpb_content_element vc_separator_align_center vc_sep_width_100 vc_sep_border_width_3 vc_sep_pos_align_center vc_separator_no_text vc_sep_color_grey\" ><span class=\"vc_sep_holder vc_sep_holder_l\"><span class=\"vc_sep_line\"><\/span><\/span><span class=\"vc_sep_holder vc_sep_holder_r\"><span class=\"vc_sep_line\"><\/span><\/span>\n<\/div><\/div><\/div><\/div><\/div><div class=\"vc_row wpb_row vc_row-fluid\"><div class=\"wpb_column vc_column_container vc_col-sm-6\"><div class=\"vc_column-inner\"><div class=\"wpb_wrapper\">\n\t<div  class=\"wpb_single_image wpb_content_element vc_align_left\">\n\t\t\n\t\t<figure class=\"wpb_wrapper vc_figure\">\n\t\t\t<div class=\"vc_single_image-wrapper   vc_box_border_grey\"><img loading=\"lazy\" decoding=\"async\" width=\"1000\" height=\"1000\" src=\"data:image\/jpg;base64,\/9j\/4AAQSkZJRgABAQEAYABgAAD\/\/gA7Q1JFQVRPUjogZ2QtanBlZyB2MS4wICh1c2luZyBJSkcgSlBFRyB2ODApLCBxdWFsaXR5ID0gODIK\/9sAQwAGBAQFBAQGBQUFBgYGBwkOCQkICAkSDQ0KDhUSFhYVEhQUFxohHBcYHxkUFB0nHR8iIyUlJRYcKSwoJCshJCUk\/9sAQwEGBgYJCAkRCQkRJBgUGCQkJCQkJCQkJCQkJCQkJCQkJCQkJCQkJCQkJCQkJCQkJCQkJCQkJCQkJCQkJCQkJCQk\/8AAEQgACgAKAwEiAAIRAQMRAf\/EAB8AAAEFAQEBAQEBAAAAAAAAAAABAgMEBQYHCAkKC\/\/EALUQAAIBAwMCBAMFBQQEAAABfQECAwAEEQUSITFBBhNRYQcicRQygZGhCCNCscEVUtHwJDNicoIJChYXGBkaJSYnKCkqNDU2Nzg5OkNERUZHSElKU1RVVldYWVpjZGVmZ2hpanN0dXZ3eHl6g4SFhoeIiYqSk5SVlpeYmZqio6Slpqeoqaqys7S1tre4ubrCw8TFxsfIycrS09TV1tfY2drh4uPk5ebn6Onq8fLz9PX29\/j5+v\/EAB8BAAMBAQEBAQEBAQEAAAAAAAABAgMEBQYHCAkKC\/\/EALURAAIBAgQEAwQHBQQEAAECdwABAgMRBAUhMQYSQVEHYXETIjKBCBRCkaGxwQkjM1LwFWJy0QoWJDThJfEXGBkaJicoKSo1Njc4OTpDREVGR0hJSlNUVVZXWFlaY2RlZmdoaWpzdHV2d3h5eoKDhIWGh4iJipKTlJWWl5iZmqKjpKWmp6ipqrKztLW2t7i5usLDxMXGx8jJytLT1NXW19jZ2uLj5OXm5+jp6vLz9PX29\/j5+v\/aAAwDAQACEQMRAD8Ax7M+MvEeu23h\/XNNvNVtBeeVHqE1pJG6I0gDOGXC7QArYIPQc8Zr1uPwPFZxrbDUpiIQIxm1yeOK9mooA\/\/Z\" class=\"vc_single_image-img attachment-full wd-lazy-load wd-lazy-fade\" alt=\"\" title=\"KS-843L SAW CARRIAGE\" srcset=\"\" sizes=\"auto, (max-width: 1000px) 100vw, 1000px\" data-wood-src=\"https:\/\/kdteurope.com\/wp-content\/uploads\/2024\/07\/KS-843L-SAW-CARRIAGE.jpg\" data-srcset=\"https:\/\/kdteurope.com\/wp-content\/uploads\/2024\/07\/KS-843L-SAW-CARRIAGE.jpg 1000w, https:\/\/kdteurope.com\/wp-content\/uploads\/2024\/07\/KS-843L-SAW-CARRIAGE-300x300.jpg 300w, https:\/\/kdteurope.com\/wp-content\/uploads\/2024\/07\/KS-843L-SAW-CARRIAGE-150x150.jpg 150w, https:\/\/kdteurope.com\/wp-content\/uploads\/2024\/07\/KS-843L-SAW-CARRIAGE-768x768.jpg 768w, https:\/\/kdteurope.com\/wp-content\/uploads\/2024\/07\/KS-843L-SAW-CARRIAGE-12x12.jpg 12w, https:\/\/kdteurope.com\/wp-content\/uploads\/2024\/07\/KS-843L-SAW-CARRIAGE-600x600.jpg 600w, https:\/\/kdteurope.com\/wp-content\/uploads\/2024\/07\/KS-843L-SAW-CARRIAGE-250x250.jpg 250w\" \/><\/div>\n\t\t<\/figure>\n\t<\/div>\n<\/div><\/div><\/div><div class=\"wpb_column vc_column_container vc_col-sm-6\"><div class=\"vc_column-inner\"><div class=\"wpb_wrapper\">\n\t\t<div id=\"wd-668a68049c415\" class=\"title-wrapper wd-wpb set-mb-s reset-last-child  wd-rs-668a68049c415 wd-title-color-default wd-title-style-underlined-2 text-left  wd-underline-colored\">\n\t\t\t\n\t\t\t<div class=\"liner-continer\">\n\t\t\t\t<h4 class=\"woodmart-title-container title  wd-font-weight- wd-fontsize-l\" >SAW CARRIAGE<\/h4>\n\t\t\t\t\t\t\t<\/div>\n\t\t\t\n\t\t\t\n\t\t\t\n\t\t<\/div>\n\t\t\n\t\t\n\t<div class=\"wpb_text_column wpb_content_element\" >\n\t\t<div class=\"wpb_wrapper\">\n\t\t\t<h2>Saw carrier driven system<br \/>\nServo controlled and transmits along gear&amp;racks, which guarantee a stable and fast run. Max.return speed:120m\/min.<\/h2>\n\n\t\t<\/div>\n\t<\/div>\n<\/div><\/div><\/div><\/div><div class=\"vc_row wpb_row vc_row-fluid\"><div class=\"wpb_column vc_column_container vc_col-sm-12\"><div class=\"vc_column-inner\"><div class=\"wpb_wrapper\"><div class=\"vc_separator wpb_content_element vc_separator_align_center vc_sep_width_100 vc_sep_border_width_3 vc_sep_pos_align_center vc_separator_no_text vc_sep_color_grey\" ><span class=\"vc_sep_holder vc_sep_holder_l\"><span class=\"vc_sep_line\"><\/span><\/span><span class=\"vc_sep_holder vc_sep_holder_r\"><span class=\"vc_sep_line\"><\/span><\/span>\n<\/div><\/div><\/div><\/div><\/div><div class=\"vc_row wpb_row vc_row-fluid\"><div class=\"wpb_column vc_column_container vc_col-sm-4\"><div class=\"vc_column-inner\"><div class=\"wpb_wrapper\">\n\t\t<div id=\"wd-668a538bbf0be\" class=\"title-wrapper wd-wpb set-mb-s reset-last-child  wd-rs-668a538bbf0be wd-title-color-default wd-title-style-bordered text-center  wd-underline-colored\">\n\t\t\t\n\t\t\t<div class=\"liner-continer\">\n\t\t\t\t<h4 class=\"woodmart-title-container title  wd-font-weight- wd-fontsize-m\" >\u00d6NE \u00c7IKANLAR<\/h4>\n\t\t\t\t\t\t\t<\/div>\n\t\t\t\n\t\t\t\n\t\t\t\n\t\t<\/div>\n\t\t\n\t\t\n\t\t<div id=\"wd-668a574ab6ae5\" class=\"title-wrapper wd-wpb set-mb-s reset-last-child  wd-rs-668a574ab6ae5 wd-title-color-default wd-title-style-underlined-2 text-center  wd-underline-colored\">\n\t\t\t\n\t\t\t<div class=\"liner-continer\">\n\t\t\t\t<h4 class=\"woodmart-title-container title  wd-font-weight- wd-fontsize-l\" >ESNEK KONTROL S\u0130STEM\u0130<\/h4>\n\t\t\t\t\t\t\t<\/div>\n\t\t\t\n\t\t\t\n\t\t\t\n\t\t<\/div>\n\t\t\n\t\t\n\t<div  class=\"wpb_single_image wpb_content_element vc_align_left\">\n\t\t\n\t\t<figure class=\"wpb_wrapper vc_figure\">\n\t\t\t<div class=\"vc_single_image-wrapper vc_box_border_circle  vc_box_border_grey\"><img loading=\"lazy\" decoding=\"async\" width=\"1000\" height=\"1000\" src=\"data:image\/jpg;base64,\/9j\/4AAQSkZJRgABAQEAYABgAAD\/\/gA7Q1JFQVRPUjogZ2QtanBlZyB2MS4wICh1c2luZyBJSkcgSlBFRyB2ODApLCBxdWFsaXR5ID0gODIK\/9sAQwAGBAQFBAQGBQUFBgYGBwkOCQkICAkSDQ0KDhUSFhYVEhQUFxohHBcYHxkUFB0nHR8iIyUlJRYcKSwoJCshJCUk\/9sAQwEGBgYJCAkRCQkRJBgUGCQkJCQkJCQkJCQkJCQkJCQkJCQkJCQkJCQkJCQkJCQkJCQkJCQkJCQkJCQkJCQkJCQk\/8AAEQgACgAKAwEiAAIRAQMRAf\/EAB8AAAEFAQEBAQEBAAAAAAAAAAABAgMEBQYHCAkKC\/\/EALUQAAIBAwMCBAMFBQQEAAABfQECAwAEEQUSITFBBhNRYQcicRQygZGhCCNCscEVUtHwJDNicoIJChYXGBkaJSYnKCkqNDU2Nzg5OkNERUZHSElKU1RVVldYWVpjZGVmZ2hpanN0dXZ3eHl6g4SFhoeIiYqSk5SVlpeYmZqio6Slpqeoqaqys7S1tre4ubrCw8TFxsfIycrS09TV1tfY2drh4uPk5ebn6Onq8fLz9PX29\/j5+v\/EAB8BAAMBAQEBAQEBAQEAAAAAAAABAgMEBQYHCAkKC\/\/EALURAAIBAgQEAwQHBQQEAAECdwABAgMRBAUhMQYSQVEHYXETIjKBCBRCkaGxwQkjM1LwFWJy0QoWJDThJfEXGBkaJicoKSo1Njc4OTpDREVGR0hJSlNUVVZXWFlaY2RlZmdoaWpzdHV2d3h5eoKDhIWGh4iJipKTlJWWl5iZmqKjpKWmp6ipqrKztLW2t7i5usLDxMXGx8jJytLT1NXW19jZ2uLj5OXm5+jp6vLz9PX29\/j5+v\/aAAwDAQACEQMRAD8A9QsvGepXF3HBL4tCB88kWw\/AHyz\/ACq5LrWqJK6j4h2qgMRj7NC2Px2c\/WvTaKdxWP\/Z\" class=\"vc_single_image-img attachment-full wd-lazy-load wd-lazy-fade\" alt=\"\" title=\"KS-843HLM SOFTWARE\" srcset=\"\" sizes=\"auto, (max-width: 1000px) 100vw, 1000px\" data-wood-src=\"https:\/\/kdteurope.com\/wp-content\/uploads\/2023\/08\/KS-843HLM-SOFTWARE.jpg\" data-srcset=\"https:\/\/kdteurope.com\/wp-content\/uploads\/2023\/08\/KS-843HLM-SOFTWARE.jpg 1000w, https:\/\/kdteurope.com\/wp-content\/uploads\/2023\/08\/KS-843HLM-SOFTWARE-300x300.jpg 300w, https:\/\/kdteurope.com\/wp-content\/uploads\/2023\/08\/KS-843HLM-SOFTWARE-150x150.jpg 150w, https:\/\/kdteurope.com\/wp-content\/uploads\/2023\/08\/KS-843HLM-SOFTWARE-768x768.jpg 768w, https:\/\/kdteurope.com\/wp-content\/uploads\/2023\/08\/KS-843HLM-SOFTWARE-12x12.jpg 12w, https:\/\/kdteurope.com\/wp-content\/uploads\/2023\/08\/KS-843HLM-SOFTWARE-600x600.jpg 600w, https:\/\/kdteurope.com\/wp-content\/uploads\/2023\/08\/KS-843HLM-SOFTWARE-250x250.jpg 250w\" \/><\/div>\n\t\t<\/figure>\n\t<\/div>\n\n\t\t<div id=\"wd-668a5758a76f7\" class=\"title-wrapper wd-wpb set-mb-s reset-last-child  wd-rs-668a5758a76f7 wd-title-color-default wd-title-style-default text-center  wd-underline-colored\">\n\t\t\t\n\t\t\t<div class=\"liner-continer\">\n\t\t\t\t<h4 class=\"woodmart-title-container title  wd-font-weight- wd-fontsize-m\" >ESNEK KONTROL S\u0130STEM\u0130<br \/>\nOkuyabildi\u011fi uzant\u0131lar;<br \/>\nKDT Cutting, XML Files<br \/>\nTXT Files, SAW Files, PTX Files,<br \/>\nJOB Files, Customs Cutting Files<\/h4>\n\t\t\t\t\t\t\t<\/div>\n\t\t\t\n\t\t\t\n\t\t\t\n\t\t<\/div>\n\t\t\n\t\t<\/div><\/div><\/div><div class=\"wpb_column vc_column_container vc_col-sm-4\"><div class=\"vc_column-inner\"><div class=\"wpb_wrapper\">\n\t\t<div id=\"wd-668a538bbf0be\" class=\"title-wrapper wd-wpb set-mb-s reset-last-child  wd-rs-668a538bbf0be wd-title-color-default wd-title-style-bordered text-center  wd-underline-colored\">\n\t\t\t\n\t\t\t<div class=\"liner-continer\">\n\t\t\t\t<h4 class=\"woodmart-title-container title  wd-font-weight- wd-fontsize-m\" >\u00d6NE \u00c7IKANLAR<\/h4>\n\t\t\t\t\t\t\t<\/div>\n\t\t\t\n\t\t\t\n\t\t\t\n\t\t<\/div>\n\t\t\n\t\t\n\t\t<div id=\"wd-668a58dd0e9da\" class=\"title-wrapper wd-wpb set-mb-s reset-last-child  wd-rs-668a58dd0e9da wd-title-color-default wd-title-style-underlined-2 text-center  wd-underline-colored\">\n\t\t\t\n\t\t\t<div class=\"liner-continer\">\n\t\t\t\t<h4 class=\"woodmart-title-container title  wd-font-weight- wd-fontsize-l\" >Elektronik \u00c7\u0130C\u0130Z\u0130 AYARI<\/h4>\n\t\t\t\t\t\t\t<\/div>\n\t\t\t\n\t\t\t\n\t\t\t\n\t\t<\/div>\n\t\t\n\t\t\n\t<div  class=\"wpb_single_image wpb_content_element vc_align_left\">\n\t\t\n\t\t<figure class=\"wpb_wrapper vc_figure\">\n\t\t\t<div class=\"vc_single_image-wrapper vc_box_border_circle  vc_box_border_grey\"><img loading=\"lazy\" decoding=\"async\" width=\"1000\" height=\"1000\" src=\"data:image\/jpg;base64,\/9j\/4AAQSkZJRgABAQEAYABgAAD\/\/gA7Q1JFQVRPUjogZ2QtanBlZyB2MS4wICh1c2luZyBJSkcgSlBFRyB2ODApLCBxdWFsaXR5ID0gODIK\/9sAQwAGBAQFBAQGBQUFBgYGBwkOCQkICAkSDQ0KDhUSFhYVEhQUFxohHBcYHxkUFB0nHR8iIyUlJRYcKSwoJCshJCUk\/9sAQwEGBgYJCAkRCQkRJBgUGCQkJCQkJCQkJCQkJCQkJCQkJCQkJCQkJCQkJCQkJCQkJCQkJCQkJCQkJCQkJCQkJCQk\/8AAEQgACgAKAwEiAAIRAQMRAf\/EAB8AAAEFAQEBAQEBAAAAAAAAAAABAgMEBQYHCAkKC\/\/EALUQAAIBAwMCBAMFBQQEAAABfQECAwAEEQUSITFBBhNRYQcicRQygZGhCCNCscEVUtHwJDNicoIJChYXGBkaJSYnKCkqNDU2Nzg5OkNERUZHSElKU1RVVldYWVpjZGVmZ2hpanN0dXZ3eHl6g4SFhoeIiYqSk5SVlpeYmZqio6Slpqeoqaqys7S1tre4ubrCw8TFxsfIycrS09TV1tfY2drh4uPk5ebn6Onq8fLz9PX29\/j5+v\/EAB8BAAMBAQEBAQEBAQEAAAAAAAABAgMEBQYHCAkKC\/\/EALURAAIBAgQEAwQHBQQEAAECdwABAgMRBAUhMQYSQVEHYXETIjKBCBRCkaGxwQkjM1LwFWJy0QoWJDThJfEXGBkaJicoKSo1Njc4OTpDREVGR0hJSlNUVVZXWFlaY2RlZmdoaWpzdHV2d3h5eoKDhIWGh4iJipKTlJWWl5iZmqKjpKWmp6ipqrKztLW2t7i5usLDxMXGx8jJytLT1NXW19jZ2uLj5OXm5+jp6vLz9PX29\/j5+v\/aAAwDAQACEQMRAD8A9STx\/wCJwt80ttKFtxmAp5TG64bgDHB4HX+9V2y8ca9c2cE00FxBJJGrvEyR5QkZKn6dK9Koptisf\/\/Z\" class=\"vc_single_image-img attachment-full wd-lazy-load wd-lazy-fade\" alt=\"\" title=\"KS-843HLM AUTOMATIC SCORING\" srcset=\"\" sizes=\"auto, (max-width: 1000px) 100vw, 1000px\" data-wood-src=\"https:\/\/kdteurope.com\/wp-content\/uploads\/2023\/08\/KS-843HLM-AUTOMATIC-SCORING.jpg\" data-srcset=\"https:\/\/kdteurope.com\/wp-content\/uploads\/2023\/08\/KS-843HLM-AUTOMATIC-SCORING.jpg 1000w, https:\/\/kdteurope.com\/wp-content\/uploads\/2023\/08\/KS-843HLM-AUTOMATIC-SCORING-300x300.jpg 300w, https:\/\/kdteurope.com\/wp-content\/uploads\/2023\/08\/KS-843HLM-AUTOMATIC-SCORING-150x150.jpg 150w, https:\/\/kdteurope.com\/wp-content\/uploads\/2023\/08\/KS-843HLM-AUTOMATIC-SCORING-768x768.jpg 768w, https:\/\/kdteurope.com\/wp-content\/uploads\/2023\/08\/KS-843HLM-AUTOMATIC-SCORING-12x12.jpg 12w, https:\/\/kdteurope.com\/wp-content\/uploads\/2023\/08\/KS-843HLM-AUTOMATIC-SCORING-600x600.jpg 600w, https:\/\/kdteurope.com\/wp-content\/uploads\/2023\/08\/KS-843HLM-AUTOMATIC-SCORING-250x250.jpg 250w\" \/><\/div>\n\t\t<\/figure>\n\t<\/div>\n\n\t\t<div id=\"wd-668a53b21a858\" class=\"title-wrapper wd-wpb set-mb-s reset-last-child  wd-rs-668a53b21a858 wd-title-color-default wd-title-style-default text-center  wd-underline-colored\">\n\t\t\t\n\t\t\t<div class=\"liner-continer\">\n\t\t\t\t<h4 class=\"woodmart-title-container title  wd-font-weight- wd-fontsize-m\" >Scoring Saw Adjustment<br \/>\nTo realize parametric adjustment on movement of scoring blades without stopping machine.<\/h4>\n\t\t\t\t\t\t\t<\/div>\n\t\t\t\n\t\t\t\n\t\t\t\n\t\t<\/div>\n\t\t\n\t\t<\/div><\/div><\/div><div class=\"wpb_column vc_column_container vc_col-sm-4\"><div class=\"vc_column-inner\"><div class=\"wpb_wrapper\">\n\t\t<div id=\"wd-668a538bbf0be\" class=\"title-wrapper wd-wpb set-mb-s reset-last-child  wd-rs-668a538bbf0be wd-title-color-default wd-title-style-bordered text-center  wd-underline-colored\">\n\t\t\t\n\t\t\t<div class=\"liner-continer\">\n\t\t\t\t<h4 class=\"woodmart-title-container title  wd-font-weight- wd-fontsize-m\" >\u00d6NE \u00c7IKANLAR<\/h4>\n\t\t\t\t\t\t\t<\/div>\n\t\t\t\n\t\t\t\n\t\t\t\n\t\t<\/div>\n\t\t\n\t\t\n\t\t<div id=\"wd-668a694f75dd7\" class=\"title-wrapper wd-wpb set-mb-s reset-last-child  wd-rs-668a694f75dd7 wd-title-color-default wd-title-style-underlined-2 text-center  wd-underline-colored\">\n\t\t\t\n\t\t\t<div class=\"liner-continer\">\n\t\t\t\t<h4 class=\"woodmart-title-container title  wd-font-weight- wd-fontsize-l\" >\u0130K\u0130L\u0130 YAN DAYAMA<\/h4>\n\t\t\t\t\t\t\t<\/div>\n\t\t\t\n\t\t\t\n\t\t\t\n\t\t<\/div>\n\t\t\n\t\t\n\t<div  class=\"wpb_single_image wpb_content_element vc_align_left\">\n\t\t\n\t\t<figure class=\"wpb_wrapper vc_figure\">\n\t\t\t<div class=\"vc_single_image-wrapper vc_box_border_circle  vc_box_border_grey\"><img decoding=\"async\" class=\"wd-lazy-load wd-lazy-fade vc_single_image-img\" src=\"data:image\/webp;base64,UklGRpwAAABXRUJQVlA4IJAAAACQAgCdASoKAAoAAQAaJaACdEf\/i1ucmImWnegAgAD7+69PZ\/9zuWsMrav\/nyG8PnU01H19fDJeOu\/PwT7RZc\/+UvHmN9YVNRvikHarP9eXWGHZVfiA4q8+vEtHI\/+ndPCDkyoWVxYVzGITCk5nWAyOflRK\/AMpf3vPun70EWTZPuGdxoJL+aJ7zWD20gHMAAA=\" data-wood-src=\"https:\/\/kdteurope.com\/wp-content\/uploads\/2023\/08\/3-11-534x534.webp\" width=\"534\" height=\"534\" alt=\"3\" title=\"3\" loading=\"lazy\" \/><\/div>\n\t\t<\/figure>\n\t<\/div>\n\n\t\t<div id=\"wd-668a696b32cc9\" class=\"title-wrapper wd-wpb set-mb-s reset-last-child  wd-rs-668a696b32cc9 wd-title-color-default wd-title-style-default text-center  wd-underline-colored\">\n\t\t\t\n\t\t\t<div class=\"liner-continer\">\n\t\t\t\t<h4 class=\"woodmart-title-container title  wd-font-weight- wd-fontsize-m\" >\u00c7iftli Yan dayama mekanizmas\u0131 mevcuttur. Y\u00fcksek katl\u0131 kesimlerde kesimlerin daha g\u00f6nyeli \u00e7\u0131kmas\u0131n\u0131 sa\u011flar.<br \/>\nBask\u0131 rulolar\u0131 kramiyer di\u015fli ile hareket ettirilir, prizmatik k\u0131zak \u00fczerinde poziyon al\u0131r, h\u0131zl\u0131 ve hassast\u0131r.<\/h4>\n\t\t\t\t\t\t\t<\/div>\n\t\t\t\n\t\t\t\n\t\t\t\n\t\t<\/div>\n\t\t\n\t\t<\/div><\/div><\/div><\/div>\n<\/div>","protected":false},"excerpt":{"rendered":"<p><strong>\u00dcr\u00fcn A\u00e7\u0131klamas\u0131<\/strong><\/p>\n<p>Kesim y\u00fcksekli\u011fi: 120 mm<\/p>\n<p>Testere motor g\u00fcc\u00fc: 25 HP<\/p>\n<p>\u00c7izici motor g\u00fcc\u00fc: 2,2 HP<\/p>\n<p>Testere ilerleme h\u0131z\u0131: 120 m\/dk Testere geri d\u00f6n\u00fc\u015f h\u0131z\u0131: 150 m\/dk<\/p>\n<p>Ayn\u0131 anda 2 farkl\u0131 \u00f6l\u00e7\u00fc kesimi yap\u0131labilmektedir.<\/p>\n<p>Optimizasyon mevcuttur. Testere ve \u00e7izici servo ayarl\u0131d\u0131r.<\/p>\n<p><a class=\"button\" href=\"#teknik-parametreler\"> Teknik Parametreler<\/a> <a class=\"button\" href=\"#urun-videomuz\">\u00dcr\u00fcn Videosu<\/a><\/p>","protected":false},"featured_media":2237,"comment_status":"open","ping_status":"closed","template":"","meta":[],"product_cat":[40],"product_tag":[81,29],"class_list":{"0":"post-2235","1":"product","2":"type-product","3":"status-publish","4":"has-post-thumbnail","6":"product_cat-panel-ebatlama-makinalari","7":"product_tag-ebatlama-makineleri","8":"product_tag-kesim-makinalari","10":"first","11":"instock","12":"shipping-taxable","13":"product-type-simple"},"_links":{"self":[{"href":"https:\/\/kdteurope.com\/pl\/wp-json\/wp\/v2\/product\/2235","targetHints":{"allow":["GET"]}}],"collection":[{"href":"https:\/\/kdteurope.com\/pl\/wp-json\/wp\/v2\/product"}],"about":[{"href":"https:\/\/kdteurope.com\/pl\/wp-json\/wp\/v2\/types\/product"}],"replies":[{"embeddable":true,"href":"https:\/\/kdteurope.com\/pl\/wp-json\/wp\/v2\/comments?post=2235"}],"wp:featuredmedia":[{"embeddable":true,"href":"https:\/\/kdteurope.com\/pl\/wp-json\/wp\/v2\/media\/2237"}],"wp:attachment":[{"href":"https:\/\/kdteurope.com\/pl\/wp-json\/wp\/v2\/media?parent=2235"}],"wp:term":[{"taxonomy":"product_cat","embeddable":true,"href":"https:\/\/kdteurope.com\/pl\/wp-json\/wp\/v2\/product_cat?post=2235"},{"taxonomy":"product_tag","embeddable":true,"href":"https:\/\/kdteurope.com\/pl\/wp-json\/wp\/v2\/product_tag?post=2235"}],"curies":[{"name":"wp","href":"https:\/\/api.w.org\/{rel}","templated":true}]}}