{"id":159,"date":"2023-08-24T14:28:39","date_gmt":"2023-08-24T14:28:39","guid":{"rendered":"https:\/\/kdteurope.com\/?post_type=product&#038;p=159"},"modified":"2024-08-07T12:20:18","modified_gmt":"2024-08-07T12:20:18","slug":"kd6032tj","status":"publish","type":"product","link":"https:\/\/kdteurope.com\/pl\/urun\/kd6032tj\/","title":{"rendered":"KDT-6032TS"},"content":{"rendered":"<div class=\"wpb-content-wrapper\"><div id=\"teknik-parametreler\" class=\"vc_row wpb_row vc_row-fluid teknik-parametreler wd-rs-6523f24299020\"><div class=\"wpb_column vc_column_container vc_col-sm-12\"><div class=\"vc_column-inner\"><div class=\"wpb_wrapper\"><div class=\"vc_separator wpb_content_element vc_separator_align_center vc_sep_width_100 vc_sep_pos_align_center vc_sep_color_grey vc_separator-has-text\" ><span class=\"vc_sep_holder vc_sep_holder_l\"><span class=\"vc_sep_line\"><\/span><\/span><h4>Teknik Parametreler<\/h4><span class=\"vc_sep_holder vc_sep_holder_r\"><span class=\"vc_sep_line\"><\/span><\/span>\n<\/div>\n\t<div class=\"wpb_text_column wpb_content_element\" >\n\t\t<div class=\"wpb_wrapper\">\n\t\t\t<table>\n<tbody>\n<tr>\n<th>Modeli: KDT-6032TS<\/th>\n<\/tr>\n<tr>\n<td>\u00c7al\u0131\u015fma Uzunlu\u011fu (X Y\u00f6n\u00fc)(mm)<\/td>\n<td>280-1265<\/td>\n<\/tr>\n<tr>\n<td>\u00c7al\u0131\u015fma Geni\u015fli\u011fi (Y Y\u00f6n\u00fc)(mm)<\/td>\n<td>(1 sayfa)50-600<br \/>\n(2 sayfa)50-300<\/td>\n<\/tr>\n<tr>\n<td>Maks.\u00a0\u00c7al\u0131\u015fma Kal\u0131nl\u0131\u011f\u0131 (mm)<\/td>\n<td>45<\/td>\n<\/tr>\n<tr>\n<td>Maks.\u00a0\u0130ki Yatay Delik Aras\u0131 Mesafe (mm)<\/td>\n<td>672<\/td>\n<\/tr>\n<tr>\n<td>Maks.\u00a0\u0130ki Dikey Delik Aras\u0131 Mesafe (mm)<\/td>\n<td>772<\/td>\n<\/tr>\n<tr>\n<td>Maks.\u00a0\u0130ki Dikey Sondaj S\u0131ras\u0131n\u0131n Mesafesi (mm)<\/td>\n<td>230<\/td>\n<\/tr>\n<tr>\n<td>Maks.\u00a0Yatay Delme Derinli\u011fi (mm)<\/td>\n<td>40<\/td>\n<\/tr>\n<tr>\n<td>Maks.\u00a0Dikey Delme Derinli\u011fi (mm)<\/td>\n<td>45<\/td>\n<\/tr>\n<tr>\n<td>Toplam G\u00fc\u00e7(kW)<\/td>\n<td>12,55<\/td>\n<\/tr>\n<tr>\n<td>Genel Boyut L*G*Y (mm)<\/td>\n<td>2680L*3100W*1580H<\/td>\n<\/tr>\n<\/tbody>\n<\/table>\n\n\t\t<\/div>\n\t<\/div>\n<\/div><\/div><\/div><\/div><div id=\"urun-videomuz\" class=\"vc_row wpb_row vc_row-fluid urun-videomuz wd-rs-65256a6058b9e\"><div class=\"wpb_column vc_column_container vc_col-sm-12\"><div class=\"vc_column-inner\"><div class=\"wpb_wrapper\"><div class=\"vc_separator wpb_content_element vc_separator_align_center vc_sep_width_100 vc_sep_pos_align_center vc_sep_color_grey vc_separator-has-text\" ><span class=\"vc_sep_holder vc_sep_holder_l\"><span class=\"vc_sep_line\"><\/span><\/span><h4>\u00dcr\u00fcn Videosu<\/h4><span class=\"vc_sep_holder vc_sep_holder_r\"><span class=\"vc_sep_line\"><\/span><\/span>\n<\/div>\n\t<div class=\"wpb_video_widget wpb_content_element vc_clearfix vc_video-aspect-ratio-169 vc_video-el-width-100 vc_video-align-left wd-rs-65256a4363a6d\" >\n\t\t<div class=\"wpb_wrapper\">\n\t\t\t\n\t\t\t<div class=\"wpb_video_wrapper\"><iframe loading=\"lazy\" title=\"DRILLTECH KDT-6032TJ VENETTI\" width=\"500\" height=\"281\" src=\"https:\/\/www.youtube.com\/embed\/m05xEw4QJsM?feature=oembed\" frameborder=\"0\" allow=\"accelerometer; autoplay; clipboard-write; encrypted-media; gyroscope; picture-in-picture; web-share\" referrerpolicy=\"strict-origin-when-cross-origin\" allowfullscreen><\/iframe><\/div>\n\t\t<\/div>\n\t<\/div>\n<\/div><\/div><\/div><\/div><div class=\"vc_row wpb_row vc_row-fluid\"><div class=\"wpb_column vc_column_container vc_col-sm-12\"><div class=\"vc_column-inner\"><div class=\"wpb_wrapper\">\n\t<div class=\"wpb_text_column wpb_content_element\" >\n\t\t<div class=\"wpb_wrapper\">\n\t\t\t<p>&nbsp;<\/p>\n\n\t\t<\/div>\n\t<\/div>\n<\/div><\/div><\/div><\/div><div id=\"teknik-parametreler\" class=\"vc_row wpb_row vc_row-fluid teknik-parametreler wd-rs-6523fcabb6c43\"><div class=\"wpb_column vc_column_container vc_col-sm-12\"><div class=\"vc_column-inner\"><div class=\"wpb_wrapper\"><\/div><\/div><\/div><\/div><div id=\"urun-videomuz\" class=\"vc_row wpb_row vc_row-fluid urun-videomuz wd-rs-668e297760c08\"><div class=\"wpb_column vc_column_container vc_col-sm-12\"><div class=\"vc_column-inner\"><div class=\"wpb_wrapper\"><div class=\"vc_separator wpb_content_element vc_separator_align_center vc_sep_width_100 vc_sep_border_width_3 vc_sep_pos_align_center vc_separator_no_text vc_sep_color_grey\" ><span class=\"vc_sep_holder vc_sep_holder_l\"><span class=\"vc_sep_line\"><\/span><\/span><span class=\"vc_sep_holder vc_sep_holder_r\"><span class=\"vc_sep_line\"><\/span><\/span>\n<\/div><\/div><\/div><\/div><\/div>\n<\/div>","protected":false},"excerpt":{"rendered":"<p><strong>\u00dcr\u00fcn A\u00e7\u0131klamas\u0131<\/strong><\/p>\n<p>End\u00fcstriyel \u00e7ekmece delik makinesi<\/p>\n<p>\u015earj\u00f6rl\u00fc<\/p>\n<p>Otomatik bo\u015faltmal\u0131(servolu asans\u00f6rl\u00fc)<\/p>\n<p>6032 modelinde Alt:3 Yan:2 delik grubu<\/p>\n<p>6022 modelinde Alt:2 Yan:2 delik grubu<\/p>\n<p>&nbsp;<\/p>\n<p><a class=\"button\" href=\"#teknik-parametreler\"> Teknik Parametreler<\/a> <a class=\"button\" href=\"#urun-videomuz\">\u00dcr\u00fcn Videosu<\/a><\/p>","protected":false},"featured_media":1935,"comment_status":"open","ping_status":"closed","template":"","meta":[],"product_cat":[66,34],"product_tag":[24],"class_list":{"0":"post-159","1":"product","2":"type-product","3":"status-publish","4":"has-post-thumbnail","6":"product_cat-cekmece-delik-makinalari","7":"product_cat-sarjorlu-delik-makinalari","8":"product_tag-delik-makinalari","10":"first","11":"instock","12":"shipping-taxable","13":"product-type-simple"},"_links":{"self":[{"href":"https:\/\/kdteurope.com\/pl\/wp-json\/wp\/v2\/product\/159","targetHints":{"allow":["GET"]}}],"collection":[{"href":"https:\/\/kdteurope.com\/pl\/wp-json\/wp\/v2\/product"}],"about":[{"href":"https:\/\/kdteurope.com\/pl\/wp-json\/wp\/v2\/types\/product"}],"replies":[{"embeddable":true,"href":"https:\/\/kdteurope.com\/pl\/wp-json\/wp\/v2\/comments?post=159"}],"wp:featuredmedia":[{"embeddable":true,"href":"https:\/\/kdteurope.com\/pl\/wp-json\/wp\/v2\/media\/1935"}],"wp:attachment":[{"href":"https:\/\/kdteurope.com\/pl\/wp-json\/wp\/v2\/media?parent=159"}],"wp:term":[{"taxonomy":"product_cat","embeddable":true,"href":"https:\/\/kdteurope.com\/pl\/wp-json\/wp\/v2\/product_cat?post=159"},{"taxonomy":"product_tag","embeddable":true,"href":"https:\/\/kdteurope.com\/pl\/wp-json\/wp\/v2\/product_tag?post=159"}],"curies":[{"name":"wp","href":"https:\/\/api.w.org\/{rel}","templated":true}]}}