{"id":149,"date":"2023-08-24T14:15:06","date_gmt":"2023-08-24T14:15:06","guid":{"rendered":"https:\/\/kdteurope.com\/?post_type=product&#038;p=149"},"modified":"2024-10-24T22:06:43","modified_gmt":"2024-10-24T22:06:43","slug":"kdt6052","status":"publish","type":"product","link":"https:\/\/kdteurope.com\/pl\/urun\/kdt6052\/","title":{"rendered":"KDT-6052"},"content":{"rendered":"<div class=\"wpb-content-wrapper\"><div id=\"teknik-parametreler\" class=\"vc_row wpb_row vc_row-fluid teknik-parametreler wd-rs-6523f2b932d45\"><div class=\"wpb_column vc_column_container vc_col-sm-12\"><div class=\"vc_column-inner\"><div class=\"wpb_wrapper\"><div class=\"vc_separator wpb_content_element vc_separator_align_center vc_sep_width_100 vc_sep_pos_align_center vc_sep_color_grey vc_separator-has-text\" ><span class=\"vc_sep_holder vc_sep_holder_l\"><span class=\"vc_sep_line\"><\/span><\/span><h4>Teknik Parametreler<\/h4><span class=\"vc_sep_holder vc_sep_holder_r\"><span class=\"vc_sep_line\"><\/span><\/span>\n<\/div>\n\t<div class=\"wpb_text_column wpb_content_element\" >\n\t\t<div class=\"wpb_wrapper\">\n\t\t\t<table>\n<tbody>\n<tr>\n<th>Modeli: KDT-6052<\/th>\n<\/tr>\n<tr>\n<td>\u00c7al\u0131\u015fma Uzunlu\u011fu (X Y\u00f6n\u00fc)(mm)<\/td>\n<td>250-2445<\/td>\n<\/tr>\n<tr>\n<td>\u00c7al\u0131\u015fma Geni\u015fli\u011fi (Y Y\u00f6n\u00fc)(mm)<\/td>\n<td>300-900<\/td>\n<\/tr>\n<tr>\n<td>Maks.\u00a0\u00c7al\u0131\u015fma Kal\u0131nl\u0131\u011f\u0131 (mm)<\/td>\n<td>70<\/td>\n<\/tr>\n<tr>\n<td>Maks.\u00a0\u0130ki Yatay Delik Aras\u0131 Mesafe (mm)<\/td>\n<td>640<\/td>\n<\/tr>\n<tr>\n<td>Maks.\u00a0\u0130ki Dikey Delik Aras\u0131 Mesafe (mm)<\/td>\n<td>896<\/td>\n<\/tr>\n<tr>\n<td>Maks.\u00a0\u0130ki Dikey Sondaj S\u0131ras\u0131n\u0131n Mesafesi (mm)<\/td>\n<td>128<\/td>\n<\/tr>\n<tr>\n<td>Maks.\u00a0Yatay Delme Derinli\u011fi (mm)<\/td>\n<td>40<\/td>\n<\/tr>\n<tr>\n<td>Maks.\u00a0Dikey Delme Derinli\u011fi (mm)<\/td>\n<td>65<\/td>\n<\/tr>\n<tr>\n<td>Toplam G\u00fc\u00e7(kW)<\/td>\n<td>15<\/td>\n<\/tr>\n<tr>\n<td>Genel Boyut L*G*Y (mm)<\/td>\n<td>3760L*3120W*1760H<\/td>\n<\/tr>\n<\/tbody>\n<\/table>\n\n\t\t<\/div>\n\t<\/div>\n<\/div><\/div><\/div><\/div><div id=\"urun-videomuz\" class=\"vc_row wpb_row vc_row-fluid urun-videomuz wd-rs-652569a77a749\"><div class=\"wpb_column vc_column_container vc_col-sm-12\"><div class=\"vc_column-inner\"><div class=\"wpb_wrapper\"><div class=\"vc_separator wpb_content_element vc_separator_align_center vc_sep_width_100 vc_sep_pos_align_center vc_sep_color_grey vc_separator-has-text\" ><span class=\"vc_sep_holder vc_sep_holder_l\"><span class=\"vc_sep_line\"><\/span><\/span><h4>\u00dcr\u00fcn Videosu<\/h4><span class=\"vc_sep_holder vc_sep_holder_r\"><span class=\"vc_sep_line\"><\/span><\/span>\n<\/div>\n\t<div class=\"wpb_video_widget wpb_content_element vc_clearfix vc_video-aspect-ratio-169 vc_video-el-width-100 vc_video-align-left wd-rs-6525699db4e1b\" >\n\t\t<div class=\"wpb_wrapper\">\n\t\t\t\n\t\t\t<div class=\"wpb_video_wrapper\"><iframe loading=\"lazy\" title=\"KDT 6052\" width=\"500\" height=\"281\" src=\"https:\/\/www.youtube.com\/embed\/bxl-sSpaKQg?feature=oembed\" frameborder=\"0\" allow=\"accelerometer; autoplay; clipboard-write; encrypted-media; gyroscope; picture-in-picture; web-share\" referrerpolicy=\"strict-origin-when-cross-origin\" allowfullscreen><\/iframe><\/div>\n\t\t<\/div>\n\t<\/div>\n<\/div><\/div><\/div><\/div><div class=\"vc_row wpb_row vc_row-fluid\"><div class=\"wpb_column vc_column_container vc_col-sm-12\"><div class=\"vc_column-inner\"><div class=\"wpb_wrapper\">\n\t<div class=\"wpb_text_column wpb_content_element\" >\n\t\t<div class=\"wpb_wrapper\">\n\t\t\t<p>&nbsp;<\/p>\n\n\t\t<\/div>\n\t<\/div>\n<\/div><\/div><\/div><\/div><div id=\"teknik-parametreler\" class=\"vc_row wpb_row vc_row-fluid teknik-parametreler wd-rs-6523fcabb6c43\"><div class=\"wpb_column vc_column_container vc_col-sm-12\"><div class=\"vc_column-inner\"><div class=\"wpb_wrapper\"><\/div><\/div><\/div><\/div><div id=\"urun-videomuz\" class=\"vc_row wpb_row vc_row-fluid urun-videomuz wd-rs-668e297760c08\"><div class=\"wpb_column vc_column_container vc_col-sm-12\"><div class=\"vc_column-inner\"><div class=\"wpb_wrapper\"><div class=\"vc_separator wpb_content_element vc_separator_align_center vc_sep_width_100 vc_sep_border_width_3 vc_sep_pos_align_center vc_separator_no_text vc_sep_color_grey\" ><span class=\"vc_sep_holder vc_sep_holder_l\"><span class=\"vc_sep_line\"><\/span><\/span><span class=\"vc_sep_holder vc_sep_holder_r\"><span class=\"vc_sep_line\"><\/span><\/span>\n<\/div><\/div><\/div><\/div><\/div>\n<\/div>","protected":false},"excerpt":{"rendered":"<p><strong>\u00dcr\u00fcn A\u00e7\u0131klamas\u0131<\/strong><\/p>\n<p>Manuel ayarl\u0131 end\u00fcstriyel<\/p>\n<p>Hat delik makinesi<br \/>\n5 alt, 2 yatay olmak \u00fczere toplam 7 kafad\u0131r.<\/p>\n<p><a class=\"button\" href=\"#teknik-parametreler\"> Teknik Parametreler<\/a> <a class=\"button\" href=\"#urun-videomuz\">\u00dcr\u00fcn Videosu<\/a><\/p>","protected":false},"featured_media":1934,"comment_status":"open","ping_status":"closed","template":"","meta":[],"product_cat":[65,33],"product_tag":[24],"class_list":{"0":"post-149","1":"product","2":"type-product","3":"status-publish","4":"has-post-thumbnail","6":"product_cat-hat-delik-makinalari-manuel-ayarli","7":"product_cat-delik-makinalari","8":"product_tag-delik-makinalari","10":"first","11":"instock","12":"shipping-taxable","13":"product-type-simple"},"_links":{"self":[{"href":"https:\/\/kdteurope.com\/pl\/wp-json\/wp\/v2\/product\/149","targetHints":{"allow":["GET"]}}],"collection":[{"href":"https:\/\/kdteurope.com\/pl\/wp-json\/wp\/v2\/product"}],"about":[{"href":"https:\/\/kdteurope.com\/pl\/wp-json\/wp\/v2\/types\/product"}],"replies":[{"embeddable":true,"href":"https:\/\/kdteurope.com\/pl\/wp-json\/wp\/v2\/comments?post=149"}],"wp:featuredmedia":[{"embeddable":true,"href":"https:\/\/kdteurope.com\/pl\/wp-json\/wp\/v2\/media\/1934"}],"wp:attachment":[{"href":"https:\/\/kdteurope.com\/pl\/wp-json\/wp\/v2\/media?parent=149"}],"wp:term":[{"taxonomy":"product_cat","embeddable":true,"href":"https:\/\/kdteurope.com\/pl\/wp-json\/wp\/v2\/product_cat?post=149"},{"taxonomy":"product_tag","embeddable":true,"href":"https:\/\/kdteurope.com\/pl\/wp-json\/wp\/v2\/product_tag?post=149"}],"curies":[{"name":"wp","href":"https:\/\/api.w.org\/{rel}","templated":true}]}}