{"id":26,"date":"2023-08-22T06:12:27","date_gmt":"2023-08-22T06:12:27","guid":{"rendered":"https:\/\/kdteurope.com\/?page_id=26"},"modified":"2024-07-04T13:11:53","modified_gmt":"2024-07-04T13:11:53","slug":"haberler","status":"publish","type":"page","link":"https:\/\/kdteurope.com\/pl\/haberler\/","title":{"rendered":"Haberler"},"content":{"rendered":"<div class=\"wpb-content-wrapper\"><div data-vc-full-width=\"true\" data-vc-full-width-init=\"false\" data-vc-stretch-content=\"true\" class=\"vc_row wpb_row vc_row-fluid vc_row-no-padding vc_row-o-equal-height vc_row-flex wd-rs-64e8900ea8654 wd-section-stretch-content-no-pd\"><div class=\"wpb_column vc_column_container vc_col-sm-12\"><div class=\"vc_column-inner\"><div class=\"wpb_wrapper\">\t\t<div class=\"promo-banner-wrapper  wd-rs-66869f6ace137\">\n\t\t\t<div id=\"wd-66869f6ace137\" class=\"promo-banner  banner- banner-hover-none color-scheme-light banner-btn-size-default banner-btn-style-default banner-increased-padding  wd-underline-colored\">\n\t\t\t\t<div class=\"main-wrapp-img\">\n\t\t\t\t\t<div class=\"banner-image wd-bg-position-center\" >\n\t\t\t\t\t\t<img loading=\"lazy\" decoding=\"async\" width=\"1920\" height=\"780\" src=\"image\/jpg;base64,\/9j\/4AAQSkZJRgABAQEAYABgAAD\/\/gA7Q1JFQVRPUjogZ2QtanBlZyB2MS4wICh1c2luZyBJSkcgSlBFRyB2ODApLCBxdWFsaXR5ID0gODIK\/9sAQwAGBAQFBAQGBQUFBgYGBwkOCQkICAkSDQ0KDhUSFhYVEhQUFxohHBcYHxkUFB0nHR8iIyUlJRYcKSwoJCshJCUk\/9sAQwEGBgYJCAkRCQkRJBgUGCQkJCQkJCQkJCQkJCQkJCQkJCQkJCQkJCQkJCQkJCQkJCQkJCQkJCQkJCQkJCQkJCQk\/8AAEQgACgAZAwEiAAIRAQMRAf\/EAB8AAAEFAQEBAQEBAAAAAAAAAAABAgMEBQYHCAkKC\/\/EALUQAAIBAwMCBAMFBQQEAAABfQECAwAEEQUSITFBBhNRYQcicRQygZGhCCNCscEVUtHwJDNicoIJChYXGBkaJSYnKCkqNDU2Nzg5OkNERUZHSElKU1RVVldYWVpjZGVmZ2hpanN0dXZ3eHl6g4SFhoeIiYqSk5SVlpeYmZqio6Slpqeoqaqys7S1tre4ubrCw8TFxsfIycrS09TV1tfY2drh4uPk5ebn6Onq8fLz9PX29\/j5+v\/EAB8BAAMBAQEBAQEBAQEAAAAAAAABAgMEBQYHCAkKC\/\/EALURAAIBAgQEAwQHBQQEAAECdwABAgMRBAUhMQYSQVEHYXETIjKBCBRCkaGxwQkjM1LwFWJy0QoWJDThJfEXGBkaJicoKSo1Njc4OTpDREVGR0hJSlNUVVZXWFlaY2RlZmdoaWpzdHV2d3h5eoKDhIWGh4iJipKTlJWWl5iZmqKjpKWmp6ipqrKztLW2t7i5usLDxMXGx8jJytLT1NXW19jZ2uLj5OXm5+jp6vLz9PX29\/j5+v\/aAAwDAQACEQMRAD8A8Zt4TDIBMvyk8HqK6jRtJhnfyhLFH5oOXb7o4yOlczpLublULNtJwRng11+lxpHq5RFVU2g7QMCv1LB0ac9Gj5DMYunRdWL+Rk+JvDMWn2zPDqNpcuTtEURO884zjH41yf8AY13\/AM+sv\/fJr22ytbf7BqE3kReahUK+wblHoDWNgVp\/YtGrJ8z2PPoZ9UiuVR\/E\/9k=\" class=\"attachment-1900*700 size-1900*700 wd-lazy-load wd-lazy-fade\" alt=\"\" data-wood-src=\"https:\/\/kdteurope.com\/wp-content\/uploads\/2023\/08\/15.jpg\" data-srcset=\"https:\/\/kdteurope.com\/wp-content\/uploads\/2023\/08\/15.jpg 1920w, https:\/\/kdteurope.com\/wp-content\/uploads\/2023\/08\/15-250x102.jpg 250w, https:\/\/kdteurope.com\/wp-content\/uploads\/2023\/08\/15-600x244.jpg 600w, https:\/\/kdteurope.com\/wp-content\/uploads\/2023\/08\/15-300x122.jpg 300w, https:\/\/kdteurope.com\/wp-content\/uploads\/2023\/08\/15-1024x416.jpg 1024w, https:\/\/kdteurope.com\/wp-content\/uploads\/2023\/08\/15-768x312.jpg 768w, https:\/\/kdteurope.com\/wp-content\/uploads\/2023\/08\/15-1536x624.jpg 1536w\" \/>\t\t\t\t\t<\/div>\n\t\t\t\t<\/div>\n\n\t\t\t\t<div class=\"wrapper-content-banner wd-fill  wd-items-middle wd-justify-left\">\n\t\t\t\t\t<div class=\"content-banner  text-left\">\n\t\t\t\t\t\t<h4 class=\"banner-title wd-font-weight- wd-fontsize-xl\">Haber Merkezi<\/h4>\t\t\t\t\t\t\t\t\t\t\t\t\t<div class=\"banner-inner set-cont-mb-s reset-last-child wd-fontsize-s\">\n\t\t\t\t\t\t\t\t<p>\u015eirketin mevcut durumunun ve sekt\u00f6r trendlerinin takibi i\u00e7in takipte olun<\/p>\n<p>\n\t\t\t\t\t\t\t<\/div>\n\t\t\t\t\t\t\n\t\t\t\t\t\t\n\t\t\t\t\t\t\t\t\t\t\t<\/div>\n\t\t\t\t<\/div>\n\n\t\t\t\t\n\t\t\t\t\t\t\t<\/div>\n\t\t<\/div>\n\n\t\t<\/div><\/div><\/div><\/div><div class=\"vc_row-full-width vc_clearfix\"><\/div><div class=\"vc_row wpb_row vc_row-fluid\"><div class=\"wpb_column vc_column_container vc_col-sm-12\"><div class=\"vc_column-inner\"><div class=\"wpb_wrapper\">\n\t<div class=\"wpb_text_column wpb_content_element\" >\n\t\t<div class=\"wpb_wrapper\">\n\t\t\t\n\t\t<\/div>\n\t<\/div>\n<\/div><\/div><\/div><\/div><div class=\"vc_row wpb_row vc_row-fluid containerr vc_custom_1690627804935 wd-rs-64c4eed0d6d4b\"><div class=\"wpb_column cardddd vc_column_container vc_col-sm-6 wd-rs-64c75065a7d43\"><div class=\"vc_column-inner\"><div class=\"wpb_wrapper\">\t\t<div class=\"promo-banner-wrapper  wd-rs-64e8918f7d5fc\">\n\t\t\t<div id=\"wd-64e8918f7d5fc\" class=\"promo-banner  banner- banner-hover-zoom color-scheme-light banner-btn-size-default banner-btn-style-default face face1 wd-underline-colored\">\n\t\t\t\t<div class=\"main-wrapp-img\">\n\t\t\t\t\t<div class=\"banner-image wd-bg-position-center\" >\n\t\t\t\t\t\t<img loading=\"lazy\" decoding=\"async\" width=\"560\" height=\"280\" src=\"image\/jpg;base64,\/9j\/4AAQSkZJRgABAQEAYABgAAD\/\/gA7Q1JFQVRPUjogZ2QtanBlZyB2MS4wICh1c2luZyBJSkcgSlBFRyB2ODApLCBxdWFsaXR5ID0gODIK\/9sAQwAGBAQFBAQGBQUFBgYGBwkOCQkICAkSDQ0KDhUSFhYVEhQUFxohHBcYHxkUFB0nHR8iIyUlJRYcKSwoJCshJCUk\/9sAQwEGBgYJCAkRCQkRJBgUGCQkJCQkJCQkJCQkJCQkJCQkJCQkJCQkJCQkJCQkJCQkJCQkJCQkJCQkJCQkJCQkJCQk\/8AAEQgACgAOAwEiAAIRAQMRAf\/EAB8AAAEFAQEBAQEBAAAAAAAAAAABAgMEBQYHCAkKC\/\/EALUQAAIBAwMCBAMFBQQEAAABfQECAwAEEQUSITFBBhNRYQcicRQygZGhCCNCscEVUtHwJDNicoIJChYXGBkaJSYnKCkqNDU2Nzg5OkNERUZHSElKU1RVVldYWVpjZGVmZ2hpanN0dXZ3eHl6g4SFhoeIiYqSk5SVlpeYmZqio6Slpqeoqaqys7S1tre4ubrCw8TFxsfIycrS09TV1tfY2drh4uPk5ebn6Onq8fLz9PX29\/j5+v\/EAB8BAAMBAQEBAQEBAQEAAAAAAAABAgMEBQYHCAkKC\/\/EALURAAIBAgQEAwQHBQQEAAECdwABAgMRBAUhMQYSQVEHYXETIjKBCBRCkaGxwQkjM1LwFWJy0QoWJDThJfEXGBkaJicoKSo1Njc4OTpDREVGR0hJSlNUVVZXWFlaY2RlZmdoaWpzdHV2d3h5eoKDhIWGh4iJipKTlJWWl5iZmqKjpKWmp6ipqrKztLW2t7i5usLDxMXGx8jJytLT1NXW19jZ2uLj5OXm5+jp6vLz9PX29\/j5+v\/aAAwDAQACEQMRAD8A8v8ADOh+H2uZdMu9Na8u5pQILu6LJCi7QTu2t3OQOO4rCudEsLl5WjtJbI+a+E2kjbk4HJJ44rbs7q4gdlhnljXrhHIGfwp8lxNcyF55pJWwBudixx+NfoKy6nz+p85DGSb1P\/\/Z\" class=\"attachment-800x600 size-800x600 wd-lazy-load wd-lazy-fade\" alt=\"\" data-wood-src=\"https:\/\/kdteurope.com\/wp-content\/uploads\/2023\/08\/hizmet-tekser-makina.jpg\" data-srcset=\"https:\/\/kdteurope.com\/wp-content\/uploads\/2023\/08\/hizmet-tekser-makina.jpg 560w, https:\/\/kdteurope.com\/wp-content\/uploads\/2023\/08\/hizmet-tekser-makina-250x125.jpg 250w, https:\/\/kdteurope.com\/wp-content\/uploads\/2023\/08\/hizmet-tekser-makina-300x150.jpg 300w\" \/>\t\t\t\t\t<\/div>\n\t\t\t\t<\/div>\n\n\t\t\t\t<div class=\"wrapper-content-banner wd-fill  wd-items-middle wd-justify-center\">\n\t\t\t\t\t<div class=\"content-banner  text-left\">\n\t\t\t\t\t\t\t\t\t\t\t\t\n\t\t\t\t\t\t\n\t\t\t\t\t\t\t\t\t\t\t<\/div>\n\t\t\t\t<\/div>\n\n\t\t\t\t\n\t\t\t\t\t\t\t<\/div>\n\t\t<\/div>\n\n\t\t\n\t<div class=\"wpb_text_column wpb_content_element\" >\n\t\t<div class=\"wpb_wrapper\">\n\t\t\t<div class=\"face face1\">\n<div class=\"contenttt\">\n<h4 style=\"text-align: center;\">DUYURULAR<\/h4>\n<\/div>\n<\/div>\n<div class=\"face face2\">\n<div class=\"contentt\">\n<p style=\"text-align: center;\">\u015eirketimizin Duyurular\u0131<\/p>\n<p><a style=\"text-align: center;\" href=\"https:\/\/kdteurope.com\/duyurular\/\">Duyurulara Git<\/a><\/p>\n<\/div>\n<\/div>\n\n\t\t<\/div>\n\t<\/div>\n<\/div><\/div><\/div><div class=\"wpb_column cardddd vc_column_container vc_col-sm-6 wd-rs-64c9195818f28\"><div class=\"vc_column-inner\"><div class=\"wpb_wrapper\">\t\t<div class=\"promo-banner-wrapper  wd-rs-64e8918f7d5fc\">\n\t\t\t<div id=\"wd-64e8918f7d5fc\" class=\"promo-banner  banner- banner-hover-zoom color-scheme-light banner-btn-size-default banner-btn-style-default face face1 wd-underline-colored\">\n\t\t\t\t<div class=\"main-wrapp-img\">\n\t\t\t\t\t<div class=\"banner-image wd-bg-position-center\" >\n\t\t\t\t\t\t<img loading=\"lazy\" decoding=\"async\" width=\"560\" height=\"280\" src=\"image\/jpg;base64,\/9j\/4AAQSkZJRgABAQEAYABgAAD\/\/gA7Q1JFQVRPUjogZ2QtanBlZyB2MS4wICh1c2luZyBJSkcgSlBFRyB2ODApLCBxdWFsaXR5ID0gODIK\/9sAQwAGBAQFBAQGBQUFBgYGBwkOCQkICAkSDQ0KDhUSFhYVEhQUFxohHBcYHxkUFB0nHR8iIyUlJRYcKSwoJCshJCUk\/9sAQwEGBgYJCAkRCQkRJBgUGCQkJCQkJCQkJCQkJCQkJCQkJCQkJCQkJCQkJCQkJCQkJCQkJCQkJCQkJCQkJCQkJCQk\/8AAEQgACgAOAwEiAAIRAQMRAf\/EAB8AAAEFAQEBAQEBAAAAAAAAAAABAgMEBQYHCAkKC\/\/EALUQAAIBAwMCBAMFBQQEAAABfQECAwAEEQUSITFBBhNRYQcicRQygZGhCCNCscEVUtHwJDNicoIJChYXGBkaJSYnKCkqNDU2Nzg5OkNERUZHSElKU1RVVldYWVpjZGVmZ2hpanN0dXZ3eHl6g4SFhoeIiYqSk5SVlpeYmZqio6Slpqeoqaqys7S1tre4ubrCw8TFxsfIycrS09TV1tfY2drh4uPk5ebn6Onq8fLz9PX29\/j5+v\/EAB8BAAMBAQEBAQEBAQEAAAAAAAABAgMEBQYHCAkKC\/\/EALURAAIBAgQEAwQHBQQEAAECdwABAgMRBAUhMQYSQVEHYXETIjKBCBRCkaGxwQkjM1LwFWJy0QoWJDThJfEXGBkaJicoKSo1Njc4OTpDREVGR0hJSlNUVVZXWFlaY2RlZmdoaWpzdHV2d3h5eoKDhIWGh4iJipKTlJWWl5iZmqKjpKWmp6ipqrKztLW2t7i5usLDxMXGx8jJytLT1NXW19jZ2uLj5OXm5+jp6vLz9PX29\/j5+v\/aAAwDAQACEQMRAD8A8v8ADOh+H2uZdMu9Na8u5pQILu6LJCi7QTu2t3OQOO4rCudEsLl5WjtJbI+a+E2kjbk4HJJ44rbs7q4gdlhnljXrhHIGfwp8lxNcyF55pJWwBudixx+NfoKy6nz+p85DGSb1P\/\/Z\" class=\"attachment-800x600 size-800x600 wd-lazy-load wd-lazy-fade\" alt=\"\" data-wood-src=\"https:\/\/kdteurope.com\/wp-content\/uploads\/2023\/08\/hizmet-tekser-makina.jpg\" data-srcset=\"https:\/\/kdteurope.com\/wp-content\/uploads\/2023\/08\/hizmet-tekser-makina.jpg 560w, https:\/\/kdteurope.com\/wp-content\/uploads\/2023\/08\/hizmet-tekser-makina-250x125.jpg 250w, https:\/\/kdteurope.com\/wp-content\/uploads\/2023\/08\/hizmet-tekser-makina-300x150.jpg 300w\" \/>\t\t\t\t\t<\/div>\n\t\t\t\t<\/div>\n\n\t\t\t\t<div class=\"wrapper-content-banner wd-fill  wd-items-middle wd-justify-center\">\n\t\t\t\t\t<div class=\"content-banner  text-left\">\n\t\t\t\t\t\t\t\t\t\t\t\t\n\t\t\t\t\t\t\n\t\t\t\t\t\t\t\t\t\t\t<\/div>\n\t\t\t\t<\/div>\n\n\t\t\t\t\n\t\t\t\t\t\t\t<\/div>\n\t\t<\/div>\n\n\t\t\n\t<div class=\"wpb_text_column wpb_content_element\" >\n\t\t<div class=\"wpb_wrapper\">\n\t\t\t<div class=\"face face1\">\n<div class=\"contenttt\">\n<h4 style=\"text-align: center;\">FUARLAR<\/h4>\n<\/div>\n<\/div>\n<div class=\"face face2\">\n<div class=\"contentt\">\n<p style=\"text-align: center;\">\u015eirketimizin kat\u0131l\u0131m Sa\u011flad\u0131\u011f\u0131 Fuarlar<\/p>\n<p><a style=\"text-align: center;\" href=\" https:\/\/kdteurope.com\/fuarlar\/\">Fuarlara Git<\/a><\/p>\n<\/div>\n<\/div>\n\n\t\t<\/div>\n\t<\/div>\n<\/div><\/div><\/div><\/div>\n<\/div>","protected":false},"excerpt":{"rendered":"Haber Merkezi \u015eirketin mevcut durumunun ve sekt\u00f6r trendlerinin takibi i\u00e7in takipte olun DUYURULAR \u015eirketimizin Duyurular\u0131 Duyurulara Git FUARLAR \u015eirketimizin kat\u0131l\u0131m","protected":false},"author":1,"featured_media":0,"parent":0,"menu_order":0,"comment_status":"closed","ping_status":"closed","template":"","meta":{"footnotes":""},"class_list":["post-26","page","type-page","status-publish","hentry"],"_links":{"self":[{"href":"https:\/\/kdteurope.com\/pl\/wp-json\/wp\/v2\/pages\/26","targetHints":{"allow":["GET"]}}],"collection":[{"href":"https:\/\/kdteurope.com\/pl\/wp-json\/wp\/v2\/pages"}],"about":[{"href":"https:\/\/kdteurope.com\/pl\/wp-json\/wp\/v2\/types\/page"}],"author":[{"embeddable":true,"href":"https:\/\/kdteurope.com\/pl\/wp-json\/wp\/v2\/users\/1"}],"replies":[{"embeddable":true,"href":"https:\/\/kdteurope.com\/pl\/wp-json\/wp\/v2\/comments?post=26"}],"version-history":[{"count":0,"href":"https:\/\/kdteurope.com\/pl\/wp-json\/wp\/v2\/pages\/26\/revisions"}],"wp:attachment":[{"href":"https:\/\/kdteurope.com\/pl\/wp-json\/wp\/v2\/media?parent=26"}],"curies":[{"name":"wp","href":"https:\/\/api.w.org\/{rel}","templated":true}]}}