{"id":23,"date":"2023-08-22T06:10:17","date_gmt":"2023-08-22T06:10:17","guid":{"rendered":"https:\/\/kdteurope.com\/?page_id=23"},"modified":"2024-09-02T12:45:34","modified_gmt":"2024-09-02T12:45:34","slug":"hizmetlerimiz","status":"publish","type":"page","link":"https:\/\/kdteurope.com\/pl\/hizmetlerimiz\/","title":{"rendered":"Hizmetlerimiz"},"content":{"rendered":"<div class=\"wpb-content-wrapper\"><div data-vc-full-width=\"true\" data-vc-full-width-init=\"false\" data-vc-stretch-content=\"true\" class=\"vc_row wpb_row vc_row-fluid services-promo-header vc_row-no-padding wd-rs-64e86a8766825\"><div class=\"wpb_column vc_column_container vc_col-sm-12\"><div class=\"vc_column-inner\"><div class=\"wpb_wrapper\">\t\t<div class=\"promo-banner-wrapper  wd-rs-66d5b233463d8\">\n\t\t\t<div id=\"wd-66d5b233463d8\" class=\"promo-banner  banner- banner-hover-none color-scheme-light banner-btn-size-default banner-btn-style-default banner-increased-padding  wd-underline-colored\">\n\t\t\t\t<div class=\"main-wrapp-img\">\n\t\t\t\t\t<div class=\"banner-image wd-bg-position-center\" >\n\t\t\t\t\t\t<img loading=\"lazy\" decoding=\"async\" width=\"1920\" height=\"780\" src=\"image\/jpg;base64,\/9j\/4AAQSkZJRgABAQEAYABgAAD\/\/gA7Q1JFQVRPUjogZ2QtanBlZyB2MS4wICh1c2luZyBJSkcgSlBFRyB2ODApLCBxdWFsaXR5ID0gODIK\/9sAQwAGBAQFBAQGBQUFBgYGBwkOCQkICAkSDQ0KDhUSFhYVEhQUFxohHBcYHxkUFB0nHR8iIyUlJRYcKSwoJCshJCUk\/9sAQwEGBgYJCAkRCQkRJBgUGCQkJCQkJCQkJCQkJCQkJCQkJCQkJCQkJCQkJCQkJCQkJCQkJCQkJCQkJCQkJCQkJCQk\/8AAEQgACgAZAwEiAAIRAQMRAf\/EAB8AAAEFAQEBAQEBAAAAAAAAAAABAgMEBQYHCAkKC\/\/EALUQAAIBAwMCBAMFBQQEAAABfQECAwAEEQUSITFBBhNRYQcicRQygZGhCCNCscEVUtHwJDNicoIJChYXGBkaJSYnKCkqNDU2Nzg5OkNERUZHSElKU1RVVldYWVpjZGVmZ2hpanN0dXZ3eHl6g4SFhoeIiYqSk5SVlpeYmZqio6Slpqeoqaqys7S1tre4ubrCw8TFxsfIycrS09TV1tfY2drh4uPk5ebn6Onq8fLz9PX29\/j5+v\/EAB8BAAMBAQEBAQEBAQEAAAAAAAABAgMEBQYHCAkKC\/\/EALURAAIBAgQEAwQHBQQEAAECdwABAgMRBAUhMQYSQVEHYXETIjKBCBRCkaGxwQkjM1LwFWJy0QoWJDThJfEXGBkaJicoKSo1Njc4OTpDREVGR0hJSlNUVVZXWFlaY2RlZmdoaWpzdHV2d3h5eoKDhIWGh4iJipKTlJWWl5iZmqKjpKWmp6ipqrKztLW2t7i5usLDxMXGx8jJytLT1NXW19jZ2uLj5OXm5+jp6vLz9PX29\/j5+v\/aAAwDAQACEQMRAD8A4nTvBh1ArhY1z\/elUV2Gm\/BI3a7nnhX\/ALaKa8+idiTlieT1P+0asIoOMgH5V\/8AQTX108RVfwO3yPFWFo7zTfz\/AOAd\/bfCrRVvpLSS8jZoiFdiwCqxIAGfcnH1rf8A+FHaX\/ej\/wC\/gryK\/A+0wDAxnH4ZFav2eH\/nlH\/3yK4oYnESbTnt5f8ABOyeBoQjFxW5\/9k=\" class=\"attachment-1903*490 size-1903*490 wd-lazy-load wd-lazy-fade\" alt=\"\" data-wood-src=\"https:\/\/kdteurope.com\/wp-content\/uploads\/2023\/08\/tekser-servis-bg.jpg\" data-srcset=\"https:\/\/kdteurope.com\/wp-content\/uploads\/2023\/08\/tekser-servis-bg.jpg 1920w, https:\/\/kdteurope.com\/wp-content\/uploads\/2023\/08\/tekser-servis-bg-250x102.jpg 250w, https:\/\/kdteurope.com\/wp-content\/uploads\/2023\/08\/tekser-servis-bg-600x244.jpg 600w, https:\/\/kdteurope.com\/wp-content\/uploads\/2023\/08\/tekser-servis-bg-300x122.jpg 300w, https:\/\/kdteurope.com\/wp-content\/uploads\/2023\/08\/tekser-servis-bg-1024x416.jpg 1024w, https:\/\/kdteurope.com\/wp-content\/uploads\/2023\/08\/tekser-servis-bg-768x312.jpg 768w, https:\/\/kdteurope.com\/wp-content\/uploads\/2023\/08\/tekser-servis-bg-1536x624.jpg 1536w\" \/>\t\t\t\t\t<\/div>\n\t\t\t\t<\/div>\n\n\t\t\t\t<div class=\"wrapper-content-banner wd-fill  wd-items-middle wd-justify-center\">\n\t\t\t\t\t<div class=\"content-banner  text-left\">\n\t\t\t\t\t\t<h4 class=\"banner-title wd-font-weight- wd-fontsize-l\">SERVICE SUPPORT<\/h4>\t\t\t\t\t\t\t\t\t\t\t\t\t<div class=\"banner-inner set-cont-mb-s reset-last-child wd-fontsize-m\">\n\t\t\t\t\t\t\t\t<\/p>\n<h6>WE LISTEN TO YOUR NEEDS AND OFFER YOU THE BEST SOLUTION FOR YOU.<\/h6>\n<p>OUR PRIMARY AIM IS TO PROVIDE GOOD SERVICE AND CREATE VALUE FOR YOU.<\/p>\n\t\t\t\t\t\t\t<\/div>\n\t\t\t\t\t\t\n\t\t\t\t\t\t\n\t\t\t\t\t\t\t\t\t\t\t<\/div>\n\t\t\t\t<\/div>\n\n\t\t\t\t\n\t\t\t\t\t\t\t<\/div>\n\t\t<\/div>\n\n\t\t\n\t<div class=\"wpb_text_column wpb_content_element\" >\n\t\t<div class=\"wpb_wrapper\">\n\t\t\t<h1 style=\"text-align: center;\">AFTER SALES SERVICE<\/h1>\n\n\t\t<\/div>\n\t<\/div>\n<\/div><\/div><\/div><\/div><div class=\"vc_row-full-width vc_clearfix\"><\/div><div data-vc-full-width=\"true\" data-vc-full-width-init=\"false\" class=\"vc_row wpb_row vc_row-fluid wd-rs-64e8bce0357ba wd-section-stretch\"><div class=\"wpb_column vc_column_container vc_col-sm-6 wd-rs-64e8bcae85565\"><div class=\"vc_column-inner\"><div class=\"wpb_wrapper\"><div class=\"vc_row wpb_row vc_inner vc_row-fluid wd-rs-64e8aa942627e\"><div class=\"wpb_column vc_column_container vc_col-sm-12\"><div class=\"vc_column-inner\"><div class=\"wpb_wrapper\">\t\t<div class=\"promo-banner-wrapper  wd-rs-66d5b26914a06\">\n\t\t\t<div id=\"wd-66d5b26914a06\" class=\"promo-banner  banner- banner-hover-none color-scheme-light banner-btn-size-default banner-btn-style-default services-promo-text wd-underline-colored\">\n\t\t\t\t<div class=\"main-wrapp-img\">\n\t\t\t\t\t<div class=\"banner-image wd-bg-position-center\" >\n\t\t\t\t\t\t<img loading=\"lazy\" decoding=\"async\" width=\"721\" height=\"285\" src=\"image\/png;base64,iVBORw0KGgoAAAANSUhEUgAAABoAAAAKCAYAAACqnE5VAAAACXBIWXMAAA7EAAAOxAGVKw4bAAABKElEQVQ4jb2QP0sCARiHn7MrmqIWp2rLbAsqWkNoDxqjhtbwQ\/QJCiQi2iJoEIyCcCgSp0AqOemPlSKoh8VZmR0m6t3bUEpTBWc904+XHzzv+yoiIvwDrmawbGF2OUzPzCZLgejfiWLJB0InGV6rddYPLtENk3rDpmHZtONotRnMSo15nwdFAIT75wqruxpzPg+JzCML015HotZFU6P9hE+zbEVuOU8XGRnsI6LpjPmDlCs1RxIA5As7xzcyvLgth2dZERGJarpM+oPSDlSA6+wTyVyJlZDG+JCbwF6CvGFSt2w6VddPu\/4KFWBt\/4J80SRVKBO7M\/AO9LIRviKeMpjwuNsnOornSBfKHwOXQkp\/aRWM0hvVmkV3V4cjkfL5wu9LiuJIAvAOZCzUj2w4HgoAAAAASUVORK5CYII=\" class=\"attachment-full size-full wd-lazy-load wd-lazy-fade\" alt=\"\" data-wood-src=\"https:\/\/kdteurope.com\/wp-content\/uploads\/2024\/05\/tekser-makina-hizmet-1.png\" data-srcset=\"https:\/\/kdteurope.com\/wp-content\/uploads\/2024\/05\/tekser-makina-hizmet-1.png 721w, https:\/\/kdteurope.com\/wp-content\/uploads\/2024\/05\/tekser-makina-hizmet-1-300x119.png 300w, https:\/\/kdteurope.com\/wp-content\/uploads\/2024\/05\/tekser-makina-hizmet-1-600x237.png 600w, https:\/\/kdteurope.com\/wp-content\/uploads\/2024\/05\/tekser-makina-hizmet-1-250x99.png 250w\" \/>\t\t\t\t\t<\/div>\n\t\t\t\t<\/div>\n\n\t\t\t\t<div class=\"wrapper-content-banner wd-fill  wd-items-middle wd-justify-right\">\n\t\t\t\t\t<div class=\"content-banner  text-center\">\n\t\t\t\t\t\t\t\t\t\t\t\t\t\t\t\t\t\t\t<div class=\"banner-inner set-cont-mb-s reset-last-child wd-fontsize-xs\">\n\t\t\t\t\t\t\t\t<\/p>\n<p style=\"text-align: left; margin-left: 240px; color: black;\">As TEKSER family; We always provide solution-oriented, fast and high-quality service support to meet the needs of our customers and business partners. We always work to provide solutions for our valued customers with our staff specialized in spare parts and after-sales service.<\/p>\n<p>\n\t\t\t\t\t\t\t<\/div>\n\t\t\t\t\t\t\n\t\t\t\t\t\t\n\t\t\t\t\t\t\t\t\t\t\t<\/div>\n\t\t\t\t<\/div>\n\n\t\t\t\t\n\t\t\t\t\t\t\t<\/div>\n\t\t<\/div>\n\n\t\t\t\t<div class=\"promo-banner-wrapper  wd-rs-66d5b27b2eb91\">\n\t\t\t<div id=\"wd-66d5b27b2eb91\" class=\"promo-banner  banner- banner-hover-none color-scheme-light banner-btn-size-default banner-btn-style-link  with-btn banner-btn-position-static wd-with-link wd-underline-colored\">\n\t\t\t\t<div class=\"main-wrapp-img\">\n\t\t\t\t\t<div class=\"banner-image wd-bg-position-center\" >\n\t\t\t\t\t\t<img loading=\"lazy\" decoding=\"async\" width=\"720\" height=\"430\" src=\"image\/jpg;base64,\/9j\/4AAQSkZJRgABAQEAYABgAAD\/\/gA7Q1JFQVRPUjogZ2QtanBlZyB2MS4wICh1c2luZyBJSkcgSlBFRyB2ODApLCBxdWFsaXR5ID0gODIK\/9sAQwAGBAQFBAQGBQUFBgYGBwkOCQkICAkSDQ0KDhUSFhYVEhQUFxohHBcYHxkUFB0nHR8iIyUlJRYcKSwoJCshJCUk\/9sAQwEGBgYJCAkRCQkRJBgUGCQkJCQkJCQkJCQkJCQkJCQkJCQkJCQkJCQkJCQkJCQkJCQkJCQkJCQkJCQkJCQkJCQk\/8AAEQgACgARAwEiAAIRAQMRAf\/EAB8AAAEFAQEBAQEBAAAAAAAAAAABAgMEBQYHCAkKC\/\/EALUQAAIBAwMCBAMFBQQEAAABfQECAwAEEQUSITFBBhNRYQcicRQygZGhCCNCscEVUtHwJDNicoIJChYXGBkaJSYnKCkqNDU2Nzg5OkNERUZHSElKU1RVVldYWVpjZGVmZ2hpanN0dXZ3eHl6g4SFhoeIiYqSk5SVlpeYmZqio6Slpqeoqaqys7S1tre4ubrCw8TFxsfIycrS09TV1tfY2drh4uPk5ebn6Onq8fLz9PX29\/j5+v\/EAB8BAAMBAQEBAQEBAQEAAAAAAAABAgMEBQYHCAkKC\/\/EALURAAIBAgQEAwQHBQQEAAECdwABAgMRBAUhMQYSQVEHYXETIjKBCBRCkaGxwQkjM1LwFWJy0QoWJDThJfEXGBkaJicoKSo1Njc4OTpDREVGR0hJSlNUVVZXWFlaY2RlZmdoaWpzdHV2d3h5eoKDhIWGh4iJipKTlJWWl5iZmqKjpKWmp6ipqrKztLW2t7i5usLDxMXGx8jJytLT1NXW19jZ2uLj5OXm5+jp6vLz9PX29\/j5+v\/aAAwDAQACEQMRAD8A5T+y9L1Qap4gutQl+yWU+wwKfmldVztRjnbkZ7dcfWt\/wF45j0w299JcPEksj293ZlwVfepEUhHc5AG7HNeJ6NI5hiTc21lyRngnc3JramurgbbcTyiE3MbmMOdpYMoBx0zjvX0WFqy5pc2qfQ8rGUIShGNtvxPdv+Ewsf7q0V5Xvb+8fzor0\/rD7Hk\/Von\/2Q==\" class=\"attachment-full size-full wd-lazy-load wd-lazy-fade\" alt=\"\" data-wood-src=\"https:\/\/kdteurope.com\/wp-content\/uploads\/2023\/08\/services-promo-techolog.jpg\" data-srcset=\"https:\/\/kdteurope.com\/wp-content\/uploads\/2023\/08\/services-promo-techolog.jpg 720w, https:\/\/kdteurope.com\/wp-content\/uploads\/2023\/08\/services-promo-techolog-250x149.jpg 250w, https:\/\/kdteurope.com\/wp-content\/uploads\/2023\/08\/services-promo-techolog-600x358.jpg 600w, https:\/\/kdteurope.com\/wp-content\/uploads\/2023\/08\/services-promo-techolog-300x179.jpg 300w\" \/>\t\t\t\t\t<\/div>\n\t\t\t\t<\/div>\n\n\t\t\t\t<div class=\"wrapper-content-banner wd-fill  wd-items-top wd-justify-left\">\n\t\t\t\t\t<div class=\"content-banner  text-left\">\n\t\t\t\t\t\t\t\t\t\t\t\t\t\t\t\t\t\t\t<div class=\"banner-inner set-cont-mb-s reset-last-child wd-fontsize-xs\">\n\t\t\t\t\t\t\t\t<p>We have online service with remote connection.<\/p>\n\t\t\t\t\t\t\t<\/div>\n\t\t\t\t\t\t\n\t\t\t\t\t\t\n\t\t\t\t\t\t<div class=\"banner-btn-wrapper\"><div id=\"wd-69e3a8196855c\" class=\"wd-button-wrapper text-left\"><a href=\"https:\/\/kdteurope.com\/iletisim\/\" title=\"\u0130leti\u015fim\" class=\"btn btn-color-default btn-style-link btn-style-rectangle btn-size-default\">Click to Get Service<\/a><\/div><\/div>\t\t\t\t\t<\/div>\n\t\t\t\t<\/div>\n\n\t\t\t\t\t\t\t\t\t<a class=\"wd-promo-banner-link wd-fill\" aria-label=\"Banner link\" href=\"https:\/\/kdteurope.com\/iletisim\/\" title=\"\u0130leti\u015fim\"><\/a>\n\t\t\t\t\n\t\t\t\t\t\t\t<\/div>\n\t\t<\/div>\n\n\t\t<\/div><\/div><\/div><\/div><\/div><\/div><\/div><div class=\"wpb_column vc_column_container vc_col-sm-6\"><div class=\"vc_column-inner\"><div class=\"wpb_wrapper\">\t\t<div class=\"promo-banner-wrapper  wd-rs-66d5b3315c861\">\n\t\t\t<div id=\"wd-66d5b3315c861\" class=\"promo-banner  banner- banner-hover-none color-scheme-light banner-btn-size-default banner-btn-style-link  with-btn banner-btn-position-static wd-with-link wd-underline-colored\">\n\t\t\t\t<div class=\"main-wrapp-img\">\n\t\t\t\t\t<div class=\"banner-image wd-bg-position-center\" >\n\t\t\t\t\t\t<img loading=\"lazy\" decoding=\"async\" width=\"800\" height=\"428\" src=\"image\/jpg;base64,\/9j\/4AAQSkZJRgABAQEAYABgAAD\/\/gA7Q1JFQVRPUjogZ2QtanBlZyB2MS4wICh1c2luZyBJSkcgSlBFRyB2ODApLCBxdWFsaXR5ID0gODIK\/9sAQwAGBAQFBAQGBQUFBgYGBwkOCQkICAkSDQ0KDhUSFhYVEhQUFxohHBcYHxkUFB0nHR8iIyUlJRYcKSwoJCshJCUk\/9sAQwEGBgYJCAkRCQkRJBgUGCQkJCQkJCQkJCQkJCQkJCQkJCQkJCQkJCQkJCQkJCQkJCQkJCQkJCQkJCQkJCQkJCQk\/8AAEQgACgAOAwEiAAIRAQMRAf\/EAB8AAAEFAQEBAQEBAAAAAAAAAAABAgMEBQYHCAkKC\/\/EALUQAAIBAwMCBAMFBQQEAAABfQECAwAEEQUSITFBBhNRYQcicRQygZGhCCNCscEVUtHwJDNicoIJChYXGBkaJSYnKCkqNDU2Nzg5OkNERUZHSElKU1RVVldYWVpjZGVmZ2hpanN0dXZ3eHl6g4SFhoeIiYqSk5SVlpeYmZqio6Slpqeoqaqys7S1tre4ubrCw8TFxsfIycrS09TV1tfY2drh4uPk5ebn6Onq8fLz9PX29\/j5+v\/EAB8BAAMBAQEBAQEBAQEAAAAAAAABAgMEBQYHCAkKC\/\/EALURAAIBAgQEAwQHBQQEAAECdwABAgMRBAUhMQYSQVEHYXETIjKBCBRCkaGxwQkjM1LwFWJy0QoWJDThJfEXGBkaJicoKSo1Njc4OTpDREVGR0hJSlNUVVZXWFlaY2RlZmdoaWpzdHV2d3h5eoKDhIWGh4iJipKTlJWWl5iZmqKjpKWmp6ipqrKztLW2t7i5usLDxMXGx8jJytLT1NXW19jZ2uLj5OXm5+jp6vLz9PX29\/j5+v\/aAAwDAQACEQMRAD8A8q0r4d65cRZjVYV+8RLKqnH0zkUuo+AvE1m3\/Hn56k4\/c7XI+oHI\/GoPC+salawXIt9RvIQ7K7COZl3MobBOD1GTj6mk1XULyW7mlku7h5HkYs7SEljnqT3r6aFGEpNHjzr1IpO6+4\/\/2Q==\" class=\"attachment-800x600 size-800x600 wd-lazy-load wd-lazy-fade\" alt=\"\" data-wood-src=\"https:\/\/kdteurope.com\/wp-content\/uploads\/2023\/08\/services-promo-door-to-door.jpg\" data-srcset=\"https:\/\/kdteurope.com\/wp-content\/uploads\/2023\/08\/services-promo-door-to-door.jpg 860w, https:\/\/kdteurope.com\/wp-content\/uploads\/2023\/08\/services-promo-door-to-door-250x134.jpg 250w, https:\/\/kdteurope.com\/wp-content\/uploads\/2023\/08\/services-promo-door-to-door-600x321.jpg 600w, https:\/\/kdteurope.com\/wp-content\/uploads\/2023\/08\/services-promo-door-to-door-300x160.jpg 300w, https:\/\/kdteurope.com\/wp-content\/uploads\/2023\/08\/services-promo-door-to-door-768x411.jpg 768w\" \/>\t\t\t\t\t<\/div>\n\t\t\t\t<\/div>\n\n\t\t\t\t<div class=\"wrapper-content-banner wd-fill  wd-items-top wd-justify-left\">\n\t\t\t\t\t<div class=\"content-banner  text-left\">\n\t\t\t\t\t\t\t\t\t\t\t\t\t\t\t\t\t\t\t<div class=\"banner-inner set-cont-mb-s reset-last-child wd-fontsize-xs\">\n\t\t\t\t\t\t\t\t<p>To obtain maximum efficiency from our machines, you can request training from experienced technicians.<\/p>\n\t\t\t\t\t\t\t<\/div>\n\t\t\t\t\t\t\n\t\t\t\t\t\t\n\t\t\t\t\t\t<div class=\"banner-btn-wrapper\"><div id=\"wd-69e3a81969267\" class=\"wd-button-wrapper text-left\"><a href=\"https:\/\/kdteurope.com\/iletisim\/\" title=\"\u0130leti\u015fim\" class=\"btn btn-color-default btn-style-link btn-style-rectangle btn-size-default\">Click to make a request.<\/a><\/div><\/div>\t\t\t\t\t<\/div>\n\t\t\t\t<\/div>\n\n\t\t\t\t\t\t\t\t\t<a class=\"wd-promo-banner-link wd-fill\" aria-label=\"Banner link\" href=\"https:\/\/kdteurope.com\/iletisim\/\" title=\"\u0130leti\u015fim\"><\/a>\n\t\t\t\t\n\t\t\t\t\t\t\t<\/div>\n\t\t<\/div>\n\n\t\t<div class=\"vc_row wpb_row vc_inner vc_row-fluid services-promo-services wd-rs-64e8bd3ebcb57\"><div class=\"wpb_column vc_column_container vc_col-sm-12\"><div class=\"vc_column-inner\"><div class=\"wpb_wrapper\">\t\t<div class=\"promo-banner-wrapper  wd-rs-66d5b34ad8509 vc_custom_1725281129381\">\n\t\t\t<div id=\"wd-66d5b34ad8509\" class=\"promo-banner  banner- banner-hover-zoom color-scheme-light banner-btn-size-default banner-btn-style-link  with-btn banner-btn-position-static wd-with-link wd-underline-colored\">\n\t\t\t\t<div class=\"main-wrapp-img\">\n\t\t\t\t\t<div class=\"banner-image wd-bg-position-center\" >\n\t\t\t\t\t\t<img loading=\"lazy\" decoding=\"async\" width=\"723\" height=\"306\" src=\"image\/png;base64,iVBORw0KGgoAAAANSUhEUgAAABgAAAAKCAYAAACuaZ5oAAAACXBIWXMAAA7EAAAOxAGVKw4bAAABPUlEQVQokbWSS0vDUBBGz9ykNn3EFyIKDb6FLlTw\/+POhYgrBbVoW19VStPSRqO2uXdciC5cBaFnOYs5zHyfqKoyRcw0lwP4fwdOFWcd1llQyKzFGEPB90HA97z\/CW6abfqDIeFsSKVcJk1TSqUSoyQhjmMq5TJbmxuE1QoFP7\/kVxAEAZ24jZ9mdJ7Oee33AKEaVnl6uCeKajRa9xwe7FHfXs8t+M2g\/fjM5fUN7x+fJOmYiVV6w4ST0zPOLhp0Xz+pRRFHxyd040Fugfy0qPXQodG6YzRMcEDBE5q3TcK5eeq722ROubpusL4WUVtdYb++k1+QZRnd3oBxljGeTAiKRd7SdzwjVEoBilAszvD80mVpcQFEWF5ayBW46DdY60DAiEHV8X2XogrGMxgRrHMIgqrD8zxEJP+LpsUX16aYz6R5kiQAAAAASUVORK5CYII=\" class=\"attachment-full size-full wd-lazy-load wd-lazy-fade\" alt=\"\" data-wood-src=\"https:\/\/kdteurope.com\/wp-content\/uploads\/2024\/05\/tekser-makina-hizmet.png\" data-srcset=\"https:\/\/kdteurope.com\/wp-content\/uploads\/2024\/05\/tekser-makina-hizmet.png 723w, https:\/\/kdteurope.com\/wp-content\/uploads\/2024\/05\/tekser-makina-hizmet-300x127.png 300w, https:\/\/kdteurope.com\/wp-content\/uploads\/2024\/05\/tekser-makina-hizmet-600x254.png 600w, https:\/\/kdteurope.com\/wp-content\/uploads\/2024\/05\/tekser-makina-hizmet-250x106.png 250w\" \/>\t\t\t\t\t<\/div>\n\t\t\t\t<\/div>\n\n\t\t\t\t<div class=\"wrapper-content-banner wd-fill  wd-items-top wd-justify-left\">\n\t\t\t\t\t<div class=\"content-banner  text-right\">\n\t\t\t\t\t\t<h4 class=\"banner-title wd-font-weight- wd-fontsize-l\">YEDEK PAR\u00c7A H\u0130ZMET\u0130<\/h4>\t\t\t\t\t\t\t\t\t\t\t\t\t<div class=\"banner-inner set-cont-mb-s reset-last-child wd-fontsize-xs\">\n\t\t\t\t\t\t\t\t<p>It includes an operation within 24 hours, either by visiting the customer on-site or by phone. Technical Service Department, TEKSER field technicians have received training in order to have the necessary equipment in this regard. In coordination with TEKSER Spare Parts Department; An expert staff provides services in updating, repair, maintenance, troubleshooting and remote diagnosis.<\/p>\n\t\t\t\t\t\t\t<\/div>\n\t\t\t\t\t\t\n\t\t\t\t\t\t\n\t\t\t\t\t\t<div class=\"banner-btn-wrapper\"><div id=\"wd-69e3a81969cbb\" class=\"wd-button-wrapper text-right\"><a href=\"https:\/\/kdteurope.com\/iletisim\/\" title=\"\u0130leti\u015fim\" class=\"btn btn-color-default btn-style-link btn-style-rectangle btn-size-default\">DESTEK ALMAK \u0130\u00c7\u0130N TIKLAYINIZ<\/a><\/div><\/div>\t\t\t\t\t<\/div>\n\t\t\t\t<\/div>\n\n\t\t\t\t\t\t\t\t\t<a class=\"wd-promo-banner-link wd-fill\" aria-label=\"Banner link\" href=\"https:\/\/kdteurope.com\/iletisim\/\" title=\"\u0130leti\u015fim\"><\/a>\n\t\t\t\t\n\t\t\t\t\t\t\t<\/div>\n\t\t<\/div>\n\n\t\t<\/div><\/div><\/div><\/div><\/div><\/div><\/div><\/div><div class=\"vc_row-full-width vc_clearfix\"><\/div>\n<\/div>","protected":false},"excerpt":{"rendered":"SERVICE SUPPORT WE LISTEN TO YOUR NEEDS AND OFFER YOU THE BEST SOLUTION FOR YOU. OUR PRIMARY AIM IS TO","protected":false},"author":1,"featured_media":0,"parent":0,"menu_order":0,"comment_status":"closed","ping_status":"closed","template":"","meta":{"footnotes":""},"class_list":["post-23","page","type-page","status-publish","hentry"],"_links":{"self":[{"href":"https:\/\/kdteurope.com\/pl\/wp-json\/wp\/v2\/pages\/23","targetHints":{"allow":["GET"]}}],"collection":[{"href":"https:\/\/kdteurope.com\/pl\/wp-json\/wp\/v2\/pages"}],"about":[{"href":"https:\/\/kdteurope.com\/pl\/wp-json\/wp\/v2\/types\/page"}],"author":[{"embeddable":true,"href":"https:\/\/kdteurope.com\/pl\/wp-json\/wp\/v2\/users\/1"}],"replies":[{"embeddable":true,"href":"https:\/\/kdteurope.com\/pl\/wp-json\/wp\/v2\/comments?post=23"}],"version-history":[{"count":2,"href":"https:\/\/kdteurope.com\/pl\/wp-json\/wp\/v2\/pages\/23\/revisions"}],"predecessor-version":[{"id":2463,"href":"https:\/\/kdteurope.com\/pl\/wp-json\/wp\/v2\/pages\/23\/revisions\/2463"}],"wp:attachment":[{"href":"https:\/\/kdteurope.com\/pl\/wp-json\/wp\/v2\/media?parent=23"}],"curies":[{"name":"wp","href":"https:\/\/api.w.org\/{rel}","templated":true}]}}